{"id":12,"date":"2018-02-03T13:06:54","date_gmt":"2018-02-03T15:06:54","guid":{"rendered":"http:\/\/portaldeboaspraticas.iff.fiocruz.br\/apice\/?page_id=12"},"modified":"2019-09-10T12:46:17","modified_gmt":"2019-09-10T15:46:17","slug":"avanco","status":"publish","type":"page","link":"https:\/\/portaldeboaspraticas.iff.fiocruz.br\/apice\/avanco\/","title":{"rendered":"Avan\u00e7os"},"content":{"rendered":"<h3 style=\"text-align: justify;\"><strong>Projeto ApiceON traz inova\u00e7\u00f5es para os campos da obstetr\u00edcia e neonatologia<\/strong><\/h3>\n<p style=\"text-align: justify;\">Trazendo a proposta de qualificar as pr\u00e1ticas obst\u00e9tricas e neonatais o projeto ApiceON vem movimentando hospitais e maternidades em todo o Brasil.<\/p>\n<p style=\"text-align: justify;\">Cerca de mil participantes, entre gestores e profissionais de sa\u00fade est\u00e3o envolvidos diretamente no projeto. O ApiceON busca envolver diretamente as e<strong>quipes locais, que se organizam em um grupo denominado de Grupo Estrat\u00e9gico Local (GEL) e s\u00e3o apoiados por mediadores e supervisores contratados pelo Projeto. Esses \u00faltimos passam por forma\u00e7\u00e3o cont\u00ednua em oficinas de planejamento, monitoramento<\/strong> e avalia\u00e7\u00e3o; metodologia que se repete junto \u00e0s equipes locais, em semin\u00e1rios regionais semestrais, quando t\u00eam a oportunidade de compartilhar experi\u00eancias, reavaliar estrat\u00e9gias e revisar planos de a\u00e7\u00e3o.<\/p>\n<p style=\"text-align: justify;\">O projeto conta tamb\u00e9m com uma plataforma virtual em ambiente privado para uso dos GELs na realiza\u00e7\u00e3o de videoconfer\u00eancias, a\u00e7\u00f5es de planejamento, monitoramento e avalia\u00e7\u00e3o, possibilitando a integra\u00e7\u00e3o entre equipes e os servi\u00e7os.<\/p>\n<p style=\"text-align: justify;\">Todas essas a\u00e7\u00f5es objetivam contribuir na implementa\u00e7\u00e3o de novas pr\u00e1ticas nos servi\u00e7os de sa\u00fade e, assim, auxiliar na forma\u00e7\u00e3o dos novos profissionais de sa\u00fade que atuar\u00e3o em todas as regi\u00f5es do pa\u00eds.<\/p>\n<h3 style=\"text-align: justify;\">2019 &#8211; Consolida\u00e7\u00f5es e Conquistas<\/h3>\n<p style=\"text-align: justify;\">O ano de 2019 se inicia com com avalia\u00e7\u00f5es e presta\u00e7\u00e3o de contas do Projeto ApiceON. Um novo ano para consolida\u00e7\u00f5es e novas conquistas no aprimoramento e inova\u00e7\u00e3o no cuidar, gerir e ensinar em obstetr\u00edcia e neonatologia.<\/p>\n<ul>\n<li style=\"text-align: justify;\">Semin\u00e1rios de Aprimoramento acontecem em todo territ\u00f3rio nacional e novas turmas s\u00e3o formadas com base em evid\u00eancias cient\u00edficas. <a href=\"http:\/\/portaldeboaspraticas.iff.fiocruz.br\/apice\/busca\/?_sf_s=semin%C3%A1rio%20aprimoramento\" target=\"_blank\" rel=\"noopener\">Confira.<\/a><\/li>\n<li style=\"text-align: justify;\">Lan\u00e7amento do Boletim ApiceON &#8211; Publica\u00e7\u00e3o informativa em formato eletr\u00f4nico, de distribui\u00e7\u00e3o mensal preparada especialmente para os servi\u00e7os que aderiram ao projeto. <a href=\"http:\/\/portaldeboaspraticas.iff.fiocruz.br\/apice\/boletins-apiceon\/\" target=\"_blank\" rel=\"noopener\">Acesse todas as edi\u00e7\u00f5es.<\/a><\/li>\n<li style=\"text-align: justify;\">Lan\u00e7amento do Caderno do Curso de Aprimoramento em Enfermagem Obst\u00e9trica, um dispositivo para impulsionar mudan\u00e7as no modelo de assist\u00eancia ao parto e nascimento no pa\u00eds. <a href=\"http:\/\/portaldeboaspraticas.iff.fiocruz.br\/apice\/lancamento-do-caderno-do-curso-de-aprimoramento-em-enfermagem-obstetrica\/\" target=\"_blank\" rel=\"noopener\">Saiba mais.<\/a><\/li>\n<\/ul>\n<h3 style=\"text-align: center;\"><iframe loading=\"lazy\" src=\"https:\/\/www.youtube.com\/embed\/CzDjwERV4ho\" width=\"560\" height=\"315\" frameborder=\"0\" allowfullscreen=\"allowfullscreen\"><span data-mce-type=\"bookmark\" style=\"display: inline-block; width: 0px; overflow: hidden; line-height: 0;\" class=\"mce_SELRES_start\">\ufeff<\/span><span data-mce-type=\"bookmark\" style=\"display: inline-block; width: 0px; overflow: hidden; line-height: 0;\" class=\"mce_SELRES_start\">\ufeff<\/span><\/iframe><\/h3>\n<p>&nbsp;<\/p>\n<h3 style=\"text-align: justify;\"><strong>O Projeto ApiceON completa um ano de atividades nesta semana!<\/strong><\/h3>\n<p style=\"text-align: justify;\"><em><span style=\"font-size: 12px;\">18 ago 2018<\/span><\/em><strong><br \/>\n<\/strong><\/p>\n<div class=\"row \"><div class=\"col-lg-8 col-md-8 col-xs-12 col-sm-12\"><\/p>\n<p style=\"text-align: justify;\">Ao longo deste per\u00edodo, pudemos viver, juntas e juntos, v\u00e1rias experi\u00eancias, superar desafios e somar conquistas ao lado da nossa equipe de supervisoras regionais, mediadoras estaduais, das 97 institui\u00e7\u00f5es parceiras e a todas e todos que, direta ou indiretamente, contribuiram para construir essa trajet\u00f3ria que, temos certeza, est\u00e1 apenas no seu in\u00edcio.<\/p>\n<p style=\"text-align: justify;\">Para marcar esta data, preparamos uma retrospectiva das principais a\u00e7\u00f5es no \u00e2mbito do Projeto no primeiro ano.<\/p>\n<p><\/div>\n<div class=\"col-lg-4 col-md-4 col-xs-12 col-sm-12\"><\/p>\n<p style=\"text-align: justify;\"><img loading=\"lazy\" decoding=\"async\" class=\"aligncenter size-medium wp-image-709\" src=\"http:\/\/portaldeboaspraticas.iff.fiocruz.br\/apice\/wp-content\/uploads\/2018\/08\/39468316_307887276610721_5717773868198789120_n-300x193.png\" alt=\"\" width=\"300\" height=\"193\" srcset=\"https:\/\/portaldeboaspraticas.iff.fiocruz.br\/apice\/wp-content\/uploads\/2018\/08\/39468316_307887276610721_5717773868198789120_n-300x193.png 300w, https:\/\/portaldeboaspraticas.iff.fiocruz.br\/apice\/wp-content\/uploads\/2018\/08\/39468316_307887276610721_5717773868198789120_n-768x493.png 768w, https:\/\/portaldeboaspraticas.iff.fiocruz.br\/apice\/wp-content\/uploads\/2018\/08\/39468316_307887276610721_5717773868198789120_n.png 880w\" sizes=\"auto, (max-width: 300px) 100vw, 300px\" \/><\/p>\n<p><\/div>\n<\/div>\n<p style=\"text-align: justify;\"><strong>Agosto de 2017<\/strong><br \/>\nO Projeto ApiceON \u00e9 lan\u00e7ado durante semin\u00e1rio nacional realizado em Bras\u00edlia, com sua proposta clara de contribuir para a implementa\u00e7\u00e3o e capilariza\u00e7\u00e3o de boas pr\u00e1ticas em hospitais de todos os estados brasileiros. <a href=\"http:\/\/portaldeboaspraticas.iff.fiocruz.br\/apice\/seminario-nacional-de-lancamento-do-projeto-apice-on-acontece-em-brasilia\/?sf_paged=5\">Relembre<\/a>.<\/p>\n<p style=\"text-align: justify;\">Neste mesmo per\u00edodo foi lan\u00e7ada a primeira edi\u00e7\u00e3o da revista do ApiceON, fruto da articula\u00e7\u00e3o entre a coordena\u00e7\u00e3o do projeto e parceiros. <a href=\"http:\/\/portaldeboaspraticas.iff.fiocruz.br\/apice\/publicacoes\/\">Acesse aqui a publica\u00e7\u00e3o online<\/a>.<\/p>\n<p style=\"text-align: justify;\"><strong>Outubro\/Novembro de 2017<\/strong><br \/>\nDurante os meses acontece o primeiro ciclo dos Semin\u00e1rios Macrorregionais do Projeto ApiceON. Os eventos representaram a oportunidade de um primeiro contato mais aprofundado entre o ApiceON e seus parceiros pelo Brasil, e de propor discuss\u00f5es aprofundadas sobre os temas do projeto e troca de experi\u00eancias. O primeiro ciclo de Semin\u00e1rios foi sediado pelas cidades de <a href=\"http:\/\/portaldeboaspraticas.iff.fiocruz.br\/apice\/apice-on-realiza-primeiro-seminario-macrorregional\/?sf_paged=5\">Belo Horizonte<\/a>, <a href=\"http:\/\/portaldeboaspraticas.iff.fiocruz.br\/apice\/seminario-regional-do-projeto-apice-on-reune-profissionais-e-representantes-de-hospitais-do-centro-oeste\/?sf_paged=5\">Bras\u00edlia<\/a>, <a href=\"http:\/\/portaldeboaspraticas.iff.fiocruz.br\/apice\/projeto-apice-on-reune-mais-de-100-profissionais-de-hospitais-universitarios-e-de-ensino-em-recife\/?sf_paged=5\">Recife<\/a>, <a href=\"http:\/\/portaldeboaspraticas.iff.fiocruz.br\/apice\/manaus-sedia-1o-seminario-macrorregional-norte-do-apice-on\/?sf_paged=5\">Manaus<\/a>, <a href=\"http:\/\/portaldeboaspraticas.iff.fiocruz.br\/apice\/profissionais-da-saude-discutem-obstetricia-e-neonatologia\/?sf_paged=5\">Porto Alegre<\/a> e <a href=\"http:\/\/portaldeboaspraticas.iff.fiocruz.br\/apice\/sao-paulo-recebe-1o-seminario-macrorregional-do-apice-on\/?sf_paged=4\">S\u00e3o Paulo<\/a>.<\/p>\n<p style=\"text-align: justify;\">S\u00e3o criados e alimentados, pela Assessoria de Comunica\u00e7\u00e3o Social do ApiceON, os perfis em rede social do Projeto, no <a href=\"https:\/\/www.facebook.com\/ProjetoApiceOn\">Facebook<\/a> e <a href=\"https:\/\/www.instagram.com\/projetoapiceon\">Instagram<\/a>.<\/p>\n<p style=\"text-align: justify;\"><strong>Fevereiro de 2018<\/strong><br \/>\nUma das primeiras e mais importantes a\u00e7\u00f5es do Projeto no in\u00edcio do ano de 2018 foi a oficina de indicadores. O evento reuniu coordena\u00e7\u00e3o, supervisoras e mediadoras em Lagoa Santa &#8211; MG, com o objetivo alinhar pr\u00e1ticas e ajustar par\u00e2metros de avalia\u00e7\u00e3o do projeto. <a href=\"http:\/\/portaldeboaspraticas.iff.fiocruz.br\/apice\/apice-on-promove-oficina-de-indicadores\/?sf_paged=4\">Relembre<\/a>.<\/p>\n<p style=\"text-align: justify;\"><strong>Mar\u00e7o de 2018<\/strong><br \/>\nO m\u00eas \u00e9 de presta\u00e7\u00e3o de contas e avalia\u00e7\u00e3o para o ApiceON. Acontece reuni\u00e3o do Grupo de Trabalho de Acompanhamento do Projeto, em Bras\u00edlia, com a participa\u00e7\u00e3o de representantes dos hospitais parceiros e do Minist\u00e9rio da Sa\u00fade, com o objetivo de discutir quest\u00f5es relativas a processos de planejamento e avalia\u00e7\u00e3o, metodologia de execu\u00e7\u00e3o do projeto. <a href=\"http:\/\/portaldeboaspraticas.iff.fiocruz.br\/apice\/encontro-de-gestao-e-acompanhamento-do-apice-on-reune-parceiros-do-projeto-em-brasilia\/?sf_paged=4\">Saiba como foi<\/a>.<\/p>\n<p style=\"text-align: justify;\">Tamb\u00e9m acontece neste m\u00eas apresenta\u00e7\u00e3o do ApiceON para servidores da Fundep, a Funda\u00e7\u00e3o de Desenvolvimento da Pesquisa da UFMG, institui\u00e7\u00e3o executora do Projeto. Parte da equipe gerencial, a Fundep tem importante atua\u00e7\u00e3o na administra\u00e7\u00e3o e media\u00e7\u00e3o de recursos do projeto. <a href=\"http:\/\/portaldeboaspraticas.iff.fiocruz.br\/apice\/projeto-apice-on-e-apresentado-a-servidores-da-fundacao-de-desenvolvimento-da-pesquisa-da-ufmg\/?sf_paged=4\">Saiba mais<\/a>.<\/p>\n<p style=\"text-align: justify;\"><strong>Abril\/Maio de 2018<\/strong><br \/>\nTem in\u00edcio o segundo ciclo de Semin\u00e1rios Macrorregionais. Com um novo desenho na din\u00e2mica dos encontros, os Semin\u00e1rios privilegiaram a troca de experi\u00eancias entre as institui\u00e7\u00f5es. Relembre os Semin\u00e1rios de <a href=\"http:\/\/portaldeboaspraticas.iff.fiocruz.br\/apice\/recife-recebe-2o-seminario-macrorregional-centro-oeste-do-apice-on\/?sf_paged=4\">Recife<\/a>, <a href=\"http:\/\/portaldeboaspraticas.iff.fiocruz.br\/apice\/apice-on-promove-seminario-em-campo-grande\/?sf_paged=4\">Campo Grande<\/a>, <a href=\"http:\/\/portaldeboaspraticas.iff.fiocruz.br\/apice\/porto-alegre-sedia-2o-seminario-macrorregional-do-apice-on\/?sf_paged=3\">Porto Alegre<\/a>, <a href=\"http:\/\/portaldeboaspraticas.iff.fiocruz.br\/apice\/apice-on-realiza-2o-seminario-macrorregional-sudeste-i\/?sf_paged=3\">Belo Horizonte<\/a>, <a href=\"http:\/\/portaldeboaspraticas.iff.fiocruz.br\/apice\/sao-paulo-recebe-segunda-edicao-de-seminario-do-apice-on\/?sf_paged=3\">S\u00e3o Paulo<\/a> e <a href=\"http:\/\/portaldeboaspraticas.iff.fiocruz.br\/apice\/inclusao-de-populacoes-especiais-e-tema-do-primeiro-dia-do-seminario-macrorregional-norte\/?sf_paged=3\">Bel\u00e9m<\/a>.<\/p>\n<p style=\"text-align: justify;\"><strong>Maio de 2018<\/strong><br \/>\n\u00c9 lan\u00e7ado o site do Projeto ApiceON, dentro do Portal de Boas Pr\u00e1ticas, propondo interface do projeto em ambientes digitais, al\u00e9m de centralizar a divulga\u00e7\u00e3o de not\u00edcias, publica\u00e7\u00f5es, servi\u00e7os e informa\u00e7\u00f5es sobre o ApiceON.<\/p>\n<p style=\"text-align: justify;\"><strong>Junho de 2018<\/strong><br \/>\nAcontece a segunda reuni\u00e3o do Grupo de Trabalho de Acompanhamento do Projeto, com a proposta de refletir sobre as conquistas do Projeto. <a href=\"http:\/\/portaldeboaspraticas.iff.fiocruz.br\/apice\/parceiros-do-apice-on-se-reunem-em-encontro-de-gestao\/?sf_paged=2\">Leia<\/a>.<\/p>\n<p style=\"text-align: justify;\"><strong>Julho de 2018<\/strong><br \/>\nCurso de Aprimoramento para enfermeiras obst\u00e9tricas forma primeira turma, com o objetivo de ampliar a rede de sujeitos com maior capacidade de intervir nos modos de gerir e de cuidar em sa\u00fade. <a href=\"http:\/\/portaldeboaspraticas.iff.fiocruz.br\/apice\/cursodeaprimoramento\/?sf_paged=2\">Saiba mais<\/a>.<\/p>\n<p style=\"text-align: justify;\"><strong>Julho de 2018<\/strong><br \/>\nAcontece a segunda edi\u00e7\u00e3o da Oficina de Planejamento, Monitoramento e Avalia\u00e7\u00e3o, reunindo em Lagoa Santa, MG, as equipes de supervisoras e mediadoras do ApiceON para compartilhar o percurso no Projeto e discutir aspectos do Plano Operativo Anual. <a href=\"http:\/\/portaldeboaspraticas.iff.fiocruz.br\/apice\/mediadoras-e-supervisoras-se-reunem-em-oficina-de-planejamento\/\">Saiba mais<\/a>.<\/p>\n<p style=\"text-align: justify;\">\n","protected":false},"excerpt":{"rendered":"<p>Projeto ApiceON traz inova\u00e7\u00f5es para os campos da obstetr\u00edcia e neonatologia Trazendo a proposta de qualificar as pr\u00e1ticas obst\u00e9tricas e neonatais o projeto ApiceON vem movimentando hospitais e maternidades em todo o Brasil. Cerca de mil participantes, entre gestores e profissionais de sa\u00fade est\u00e3o envolvidos diretamente no projeto. O ApiceON busca envolver diretamente as equipes [&hellip;]<\/p>\n","protected":false},"author":9,"featured_media":0,"parent":0,"menu_order":0,"comment_status":"closed","ping_status":"closed","template":"","meta":{"footnotes":""},"class_list":["post-12","page","type-page","status-publish","hentry"],"_links":{"self":[{"href":"https:\/\/portaldeboaspraticas.iff.fiocruz.br\/apice\/wp-json\/wp\/v2\/pages\/12","targetHints":{"allow":["GET"]}}],"collection":[{"href":"https:\/\/portaldeboaspraticas.iff.fiocruz.br\/apice\/wp-json\/wp\/v2\/pages"}],"about":[{"href":"https:\/\/portaldeboaspraticas.iff.fiocruz.br\/apice\/wp-json\/wp\/v2\/types\/page"}],"author":[{"embeddable":true,"href":"https:\/\/portaldeboaspraticas.iff.fiocruz.br\/apice\/wp-json\/wp\/v2\/users\/9"}],"replies":[{"embeddable":true,"href":"https:\/\/portaldeboaspraticas.iff.fiocruz.br\/apice\/wp-json\/wp\/v2\/comments?post=12"}],"version-history":[{"count":29,"href":"https:\/\/portaldeboaspraticas.iff.fiocruz.br\/apice\/wp-json\/wp\/v2\/pages\/12\/revisions"}],"predecessor-version":[{"id":3011,"href":"https:\/\/portaldeboaspraticas.iff.fiocruz.br\/apice\/wp-json\/wp\/v2\/pages\/12\/revisions\/3011"}],"wp:attachment":[{"href":"https:\/\/portaldeboaspraticas.iff.fiocruz.br\/apice\/wp-json\/wp\/v2\/media?parent=12"}],"curies":[{"name":"wp","href":"https:\/\/api.w.org\/{rel}","templated":true}]}}