{"id":14,"date":"2018-02-03T13:07:41","date_gmt":"2018-02-03T15:07:41","guid":{"rendered":"http:\/\/portaldeboaspraticas.iff.fiocruz.br\/apice\/?page_id=14"},"modified":"2020-06-30T20:07:40","modified_gmt":"2020-06-30T23:07:40","slug":"publicacoes","status":"publish","type":"page","link":"https:\/\/portaldeboaspraticas.iff.fiocruz.br\/apice\/publicacoes\/","title":{"rendered":"Publica\u00e7\u00f5es"},"content":{"rendered":"<h4 style=\"text-align: left;\"><strong>1\u00aa edi\u00e7\u00e3o da Revista ApiceON<\/strong><\/h4>\n<p style=\"text-align: left;\">Visualize abaixo ou fa\u00e7a o <a href=\"http:\/\/portaldeboaspraticas.iff.fiocruz.br\/apice\/wp-content\/uploads\/2018\/03\/Apice-ON-2017-09-01-DIGITAL-WEBSITE.pdf\">download<\/a>.<\/p>\n<p><iframe loading=\"lazy\" src=\"https:\/\/portaldeboaspraticas.iff.fiocruz.br\/apice\/wp-content\/uploads\/2018\/03\/Apice-ON-2017-09-01-DIGITAL-WEBSITE.pdf\" width=\"100%\" height=\"1100\"><span data-mce-type=\"bookmark\" style=\"display: inline-block; width: 0px; overflow: hidden; line-height: 0;\" class=\"mce_SELRES_start\">\ufeff<\/span><span data-mce-type=\"bookmark\" style=\"display: inline-block; width: 0px; overflow: hidden; line-height: 0;\" class=\"mce_SELRES_start\">\ufeff<\/span><\/iframe><\/p>\n<h4 style=\"text-align: left;\"><strong>Caderno do Curso Aprimoramento em Enfermagem Obst\u00e9trica<\/strong><\/h4>\n<p style=\"text-align: left;\">Acesse o conte\u00fado abaixo ou fa\u00e7a o <a href=\"http:\/\/portaldeboaspraticas.iff.fiocruz.br\/apice\/wp-content\/uploads\/2019\/04\/caderno_Curso_Aprimoramento_Enfermeiras_Obst\u00e9tricas.pdf\" target=\"_blank\" rel=\"noopener noreferrer\">download<\/a>.<\/p>\n<p><iframe loading=\"lazy\" src=\"https:\/\/portaldeboaspraticas.iff.fiocruz.br\/apice\/wp-content\/uploads\/2019\/04\/caderno_Curso_Aprimoramento_Enfermeiras_Obst%C3%A9tricas.pdf\" width=\"100%\" height=\"1100\"><span data-mce-type=\"bookmark\" style=\"display: inline-block; width: 0px; overflow: hidden; line-height: 0;\" class=\"mce_SELRES_start\">\ufeff<\/span><span data-mce-type=\"bookmark\" style=\"display: inline-block; width: 0px; overflow: hidden; line-height: 0;\" class=\"mce_SELRES_start\">\ufeff<\/span><\/iframe><\/p>\n","protected":false},"excerpt":{"rendered":"<p>1\u00aa edi\u00e7\u00e3o da Revista ApiceON Visualize abaixo ou fa\u00e7a o download. \ufeff\ufeff Caderno do Curso Aprimoramento em Enfermagem Obst\u00e9trica Acesse o conte\u00fado abaixo ou fa\u00e7a o download. \ufeff\ufeff<\/p>\n","protected":false},"author":9,"featured_media":0,"parent":0,"menu_order":0,"comment_status":"closed","ping_status":"closed","template":"","meta":{"footnotes":""},"class_list":["post-14","page","type-page","status-publish","hentry"],"_links":{"self":[{"href":"https:\/\/portaldeboaspraticas.iff.fiocruz.br\/apice\/wp-json\/wp\/v2\/pages\/14","targetHints":{"allow":["GET"]}}],"collection":[{"href":"https:\/\/portaldeboaspraticas.iff.fiocruz.br\/apice\/wp-json\/wp\/v2\/pages"}],"about":[{"href":"https:\/\/portaldeboaspraticas.iff.fiocruz.br\/apice\/wp-json\/wp\/v2\/types\/page"}],"author":[{"embeddable":true,"href":"https:\/\/portaldeboaspraticas.iff.fiocruz.br\/apice\/wp-json\/wp\/v2\/users\/9"}],"replies":[{"embeddable":true,"href":"https:\/\/portaldeboaspraticas.iff.fiocruz.br\/apice\/wp-json\/wp\/v2\/comments?post=14"}],"version-history":[{"count":18,"href":"https:\/\/portaldeboaspraticas.iff.fiocruz.br\/apice\/wp-json\/wp\/v2\/pages\/14\/revisions"}],"predecessor-version":[{"id":4044,"href":"https:\/\/portaldeboaspraticas.iff.fiocruz.br\/apice\/wp-json\/wp\/v2\/pages\/14\/revisions\/4044"}],"wp:attachment":[{"href":"https:\/\/portaldeboaspraticas.iff.fiocruz.br\/apice\/wp-json\/wp\/v2\/media?parent=14"}],"curies":[{"name":"wp","href":"https:\/\/api.w.org\/{rel}","templated":true}]}}