{"id":1520,"date":"2019-04-01T13:26:27","date_gmt":"2019-04-01T16:26:27","guid":{"rendered":"http:\/\/portaldeboaspraticas.iff.fiocruz.br\/apice\/?page_id=1520"},"modified":"2019-04-02T10:42:12","modified_gmt":"2019-04-02T13:42:12","slug":"mortalidade-materna-e-tema-do-apiceon","status":"publish","type":"page","link":"https:\/\/portaldeboaspraticas.iff.fiocruz.br\/apice\/mortalidade-materna-e-tema-do-apiceon\/","title":{"rendered":"Mortalidade Materna \u00e9 tema do ApiceON"},"content":{"rendered":"<div id=\"attachment_1521\" style=\"width: 810px\" class=\"wp-caption aligncenter\"><a href=\"http:\/\/portaldeboaspraticas.iff.fiocruz.br\/atencao-mulher\/mortalidade-materna\/\"><img loading=\"lazy\" decoding=\"async\" aria-describedby=\"caption-attachment-1521\" class=\"wp-image-1521 size-full\" src=\"http:\/\/portaldeboaspraticas.iff.fiocruz.br\/apice\/wp-content\/uploads\/2019\/04\/AS-PRINCIPAIS-CAUSAS-DE-MORTALIDADE-MATERNA-NO-BRASIL-E-O-PERFIL-DAS-MULHERES-MAIS-AFETADAS.png\" alt=\"Mortalidade Materna\" width=\"800\" height=\"1240\" srcset=\"https:\/\/portaldeboaspraticas.iff.fiocruz.br\/apice\/wp-content\/uploads\/2019\/04\/AS-PRINCIPAIS-CAUSAS-DE-MORTALIDADE-MATERNA-NO-BRASIL-E-O-PERFIL-DAS-MULHERES-MAIS-AFETADAS.png 800w, https:\/\/portaldeboaspraticas.iff.fiocruz.br\/apice\/wp-content\/uploads\/2019\/04\/AS-PRINCIPAIS-CAUSAS-DE-MORTALIDADE-MATERNA-NO-BRASIL-E-O-PERFIL-DAS-MULHERES-MAIS-AFETADAS-194x300.png 194w, https:\/\/portaldeboaspraticas.iff.fiocruz.br\/apice\/wp-content\/uploads\/2019\/04\/AS-PRINCIPAIS-CAUSAS-DE-MORTALIDADE-MATERNA-NO-BRASIL-E-O-PERFIL-DAS-MULHERES-MAIS-AFETADAS-768x1190.png 768w, https:\/\/portaldeboaspraticas.iff.fiocruz.br\/apice\/wp-content\/uploads\/2019\/04\/AS-PRINCIPAIS-CAUSAS-DE-MORTALIDADE-MATERNA-NO-BRASIL-E-O-PERFIL-DAS-MULHERES-MAIS-AFETADAS-661x1024.png 661w\" sizes=\"auto, (max-width: 800px) 100vw, 800px\" \/><\/a><p id=\"caption-attachment-1521\" class=\"wp-caption-text\">A redu\u00e7\u00e3o da mortalidade materna permanece um grande desafio da sa\u00fade, da \u00e9tica e da equidade social, de g\u00eanero e ra\u00e7a. \u00c9 necess\u00e1rio ampliarmos o n\u00famero de profissionais que se disp\u00f5em a enfrentar este desafio!<\/p><\/div>\n","protected":false},"excerpt":{"rendered":"","protected":false},"author":2,"featured_media":1521,"parent":0,"menu_order":0,"comment_status":"closed","ping_status":"closed","template":"","meta":{"footnotes":""},"class_list":["post-1520","page","type-page","status-publish","has-post-thumbnail","hentry"],"_links":{"self":[{"href":"https:\/\/portaldeboaspraticas.iff.fiocruz.br\/apice\/wp-json\/wp\/v2\/pages\/1520","targetHints":{"allow":["GET"]}}],"collection":[{"href":"https:\/\/portaldeboaspraticas.iff.fiocruz.br\/apice\/wp-json\/wp\/v2\/pages"}],"about":[{"href":"https:\/\/portaldeboaspraticas.iff.fiocruz.br\/apice\/wp-json\/wp\/v2\/types\/page"}],"author":[{"embeddable":true,"href":"https:\/\/portaldeboaspraticas.iff.fiocruz.br\/apice\/wp-json\/wp\/v2\/users\/2"}],"replies":[{"embeddable":true,"href":"https:\/\/portaldeboaspraticas.iff.fiocruz.br\/apice\/wp-json\/wp\/v2\/comments?post=1520"}],"version-history":[{"count":2,"href":"https:\/\/portaldeboaspraticas.iff.fiocruz.br\/apice\/wp-json\/wp\/v2\/pages\/1520\/revisions"}],"predecessor-version":[{"id":1523,"href":"https:\/\/portaldeboaspraticas.iff.fiocruz.br\/apice\/wp-json\/wp\/v2\/pages\/1520\/revisions\/1523"}],"wp:featuredmedia":[{"embeddable":true,"href":"https:\/\/portaldeboaspraticas.iff.fiocruz.br\/apice\/wp-json\/wp\/v2\/media\/1521"}],"wp:attachment":[{"href":"https:\/\/portaldeboaspraticas.iff.fiocruz.br\/apice\/wp-json\/wp\/v2\/media?parent=1520"}],"curies":[{"name":"wp","href":"https:\/\/api.w.org\/{rel}","templated":true}]}}