{"id":1669,"date":"2019-04-12T11:07:22","date_gmt":"2019-04-12T14:07:22","guid":{"rendered":"http:\/\/portaldeboaspraticas.iff.fiocruz.br\/apice\/?page_id=1669"},"modified":"2019-04-12T23:04:45","modified_gmt":"2019-04-13T02:04:45","slug":"dia-da-enfermagem-obstetrica-12-de-abril","status":"publish","type":"page","link":"https:\/\/portaldeboaspraticas.iff.fiocruz.br\/apice\/dia-da-enfermagem-obstetrica-12-de-abril\/","title":{"rendered":"Dia das M\u00e9dicas e M\u00e9dicos Obstetras e Enfermagem Obst\u00e9trica e Obstetrizes &#8211; 12 de Abril"},"content":{"rendered":"<p style=\"text-align: justify;\"><span style=\"font-size: 16px;\">Neste 12 de abril, o Projeto ApiceON &#8211; Aprimoramento e Inova\u00e7\u00e3o no Cuidado e Ensino em Obstetr\u00edcia e\u00a0 Neonatologia &#8211; faz sua homenagem \u00e0s M\u00e9dicas e M\u00e9dicos Obstetras e \u00e0 Enfermagem Obst\u00e9trica e Obstetrizes, que representam o cuidado humanizado atrav\u00e9s da promo\u00e7\u00e3o da assist\u00eancia integral \u00e0 mulher nas diversas fases de sua vida, principalmente no per\u00edodo gestacional. Valorizamos a import\u00e2ncia desses profissionais na pr\u00e1tica di\u00e1ria intra-hospitalar e dentro de suas comunidades. Essa \u00e9 uma data importante para homenagens, reflex\u00f5es e lutas.<\/span><\/p>\n<p><iframe loading=\"lazy\" src=\"https:\/\/www.youtube.com\/embed\/4Gc2MT4vlFk?rel=0&amp;showinfo=0\" width=\"100%\" height=\"360\" frameborder=\"0\" allowfullscreen=\"allowfullscreen\"><span data-mce-type=\"bookmark\" style=\"display: inline-block; width: 0px; overflow: hidden; line-height: 0;\" class=\"mce_SELRES_start\">\ufeff<\/span><\/iframe><\/p>\n<p style=\"text-align: justify;\"><span style=\"font-size: 16px;\">Abaixo reproduzimos na \u00edntegra a Carta Aberta em homenagem ao Dia da Enfermagem Obst\u00e9trica\u00a0produzia por:<\/span><\/p>\n<ul>\n<li style=\"text-align: justify;\"><span style=\"font-size: 16px;\"> Fernanda Alves do Nascimento e Fernando Ferreira Dias, alunos negros da Escola de Enfermagem da UFMG, cotistas, militantes do movimento negro e membros do N\u00facleo de Pesquisas em Sa\u00fade da Mulher e G\u00eanero &#8211; NUPESMeG e,<\/span><\/li>\n<li style=\"text-align: justify;\"><span style=\"font-size: 16px;\"> Kleyde Ventura de Souza, mulher, negra, enfermeira obstetra, professora da Escola de Enfermagem da UFMG, coordenadora nacional da Rede Internacional de Enfermagem SaMuNeo, coordenadora do NUPESMeG-MG e presidente da ABENFO Nacional (Gest\u00e3o 2018 &#8211; 2020).<\/span><\/li>\n<\/ul>\n<p>&nbsp;<\/p>\n<blockquote>\n<p style=\"text-align: justify;\"><em><span style=\"font-size: 14px;\">\u00c0 enfermagem obst\u00e9trica brasileira<\/span><\/em><\/p>\n<p style=\"text-align: justify;\"><em><span style=\"font-size: 14px;\">Hoje, 12 de abril , dia em que a ABENFO Nacional chama a todas\/todos a comemorar o dia da enfermagem obst\u00e9trica. Neste dia, de comemora\u00e7\u00e3o-resist\u00eancia em nome da ABENFO Nacional e suas seccionais queremos falar de esperan\u00e7a, do verbo esperan\u00e7ar. Esperan\u00e7ar, como nos ensinou Paulo Freire, \u00e9 juntar-se com outras\/outros a fazer de outro modo. Essa perspectiva nos clama \u00e0 urg\u00eancia de produzir esperan\u00e7a (do verbo esperan\u00e7ar) de modo a responder aos desafios do nosso tempo na sa\u00fade das mulheres, na sa\u00fade dos homens, na sa\u00fade das comunidades, e em especial na aten\u00e7\u00e3o obst\u00e9trica e neonatal.<\/span><\/em><\/p>\n<p style=\"text-align: justify;\"><em><span style=\"font-size: 14px;\">Nesta data de comemora\u00e7\u00e3o-resist\u00eancia devemos lembrar que:<\/span><\/em><br \/>\n<em> <span style=\"font-size: 14px;\"> Os corpos e as intera\u00e7\u00f5es sociais se refletem nas percep\u00e7\u00f5es constru\u00eddas sobre os indiv\u00edduos e suas subjetividades. \u00c9 dito por Simone Beauvoir \u201cNingu\u00e9m nasce mulher, torna-se mulher\u201d, e portanto as situa\u00e7\u00f5es que perpassam a vidas desses seres constroem o seu existir\/resistir. As mulheres ao longo de sua hist\u00f3ria t\u00eam lutado e por isso t\u00eam resistido na\/pela ocupa\u00e7\u00e3o dos corpos, os quais a elas pertencem, e tamb\u00e9m pela perman\u00eancia (aut\u00f4noma) de seus corpos no ambiente social. O enfrentamento dos desafios que atravessam as quest\u00f5es de g\u00eanero, ra\u00e7a-cor perpetuam em diversas inst\u00e2ncias, que v\u00e3o desde as suas vidas, trabalho e at\u00e9 a luta pelos direitos humanos que devem ser garantidos a esse grupo.<\/span><\/em><\/p>\n<p style=\"text-align: justify;\"><em><span style=\"font-size: 14px;\">A enfermagem tem muitos dos seus alicerces na for\u00e7a do feminino. A estigmatiza\u00e7\u00e3o da profiss\u00e3o e a sua resist\u00eancia adv\u00e9m desse hist\u00f3rico social da constru\u00e7\u00e3o da idealiza\u00e7\u00e3o do feminino. A liga\u00e7\u00e3o forte com quest\u00f5es pouco privilegiadas como as quest\u00f5es de g\u00eanero, as quest\u00f5es raciais e outras relativas \u00e0s vulnerabilidades das mulheres nos convocam \u00e0 intera\u00e7\u00e3o desta tem\u00e1tica com o movimento das mulheres pela luta de uma melhor aten\u00e7\u00e3o e cuidado em sa\u00fade.<\/span><\/em><\/p>\n<p style=\"text-align: justify;\"><em><span style=\"font-size: 14px;\">A enfermagem obst\u00e9trica possui uma rela\u00e7\u00e3o direta com as singularidades presentes nas diversidades do ser mulher, bem como \u00e0s express\u00f5es que constituem o \u201ctornar-se mulher\u201d.<\/span><\/em><\/p>\n<p style=\"text-align: justify;\"><em><span style=\"font-size: 14px;\">Como profissionais da enfermagem nos cabe como trabalhadoras\/trabalhadores da sa\u00fade enfrentar os desafios que obstaculizam as possibilidades desses corpos serem reconhecidos, preservados e cuidados, estando essas pessoas como<\/span><\/em><br \/>\n<em> <span style=\"font-size: 14px;\"> mulheres, tornarem-se presentes nos servi\u00e7os de sa\u00fade, e neste cen\u00e1rio assumir seu \u201clugar de fala\u201d, que \u00e9 composto majoritariamente por mulheres.<\/span><\/em><\/p>\n<p style=\"text-align: justify;\"><em><span style=\"font-size: 14px;\">Cabe-nos como enfermeiras e enfermeiros obstetras promover a humaniza\u00e7\u00e3o na aten\u00e7\u00e3o e a integralidade no cuidado. Para isso \u00e9 fundamental nos debru\u00e7armos nos desafios que imp\u00f5e as vulnerabilidades e os determinantes sociais que passam pela tem\u00e1tica de g\u00eanero e transcorrem as quest\u00f5es \u00e9tnico-raciais e de classe. Assim, conclamamos a todas\/todos a uma mobiliza\u00e7\u00e3o na enfermagem e no setor sa\u00fade, para que possamos mudar o cen\u00e1rio de desigualdade e iniquidades nesta \u00e1rea.<\/span><\/em><\/p>\n<p style=\"text-align: justify;\"><em><span style=\"font-size: 14px;\">Para isso, \u00e9 importante reconhecer alguns desafios, tais como os \u00edndices registrados no Sistema de informa\u00e7\u00e3o sobre mortalidade (SIM), os quais evidenciam que 64% da mortalidade materna atinge as mulheres negras. Outros dados tamb\u00e9m s\u00e3o alarmantes: apenas 33,9% das mulheres pretas recebem informa\u00e7\u00f5es sobre o pr\u00e9-natal e o risco da gravidez, enquanto entre as brancas esse \u00edndice \u00e9 de 80%. A ainda outros aspectos que devem ser considerados: o<\/span><\/em><br \/>\n<em> <span style=\"font-size: 14px;\"> machismo, racismo e a marginaliza\u00e7\u00e3o da maioria dessas mulheres s\u00e3o observadas nas institui\u00e7\u00f5es de sa\u00fade. Deste modo, retomamos \u00e0 convoca\u00e7\u00e3o especialmente da enfermagem obst\u00e9trica, a reconhecer \u201cseu lugar de fala\u201d e deste lugar corresponsabilizar-se \/ comprometer-se na cria\u00e7\u00e3o e implementa\u00e7\u00e3o de estrat\u00e9gias para o enfrentamento e mudan\u00e7a desse cen\u00e1rio e assim, efetivar os direitos destas mulheres e de seus corpos\/subjetividades nos espa\u00e7os os quais eles ocupam. Retomemos o ensinamento de Paulo Freire: Esperan\u00e7ar \u00e9 juntar-se a outras\/outros para fazer de outro modo. Neste dia de comemora\u00e7\u00e3o-resist\u00eancia convocamos os trabalhadores da sa\u00fade para que juntos lutemos pelo fortalecimento dos princ\u00edpios que regem o SUS.<\/span><\/em><\/p>\n<p style=\"text-align: justify;\"><a href=\"http:\/\/portaldeboaspraticas.iff.fiocruz.br\/apice\/wp-content\/uploads\/2019\/04\/Texto-Kleyde-Ventura-Dia-das-Enf-Obstetra-oficial-1.pdf\" target=\"_blank\" rel=\"noopener\">Download da Carta Aberta em PDF<\/a><\/p>\n<\/blockquote>\n<p>&nbsp;<\/p>\n<p style=\"text-align: justify;\"><span style=\"font-size: 16px;\">Com o objetivo de ampliar a rede de sujeitos com maior capacidade de intervir nos modos de gerir e de cuidar em sa\u00fade \u2013 a partir de processos de forma\u00e7\u00e3o-interven\u00e7\u00e3o \u2013 o Minist\u00e9rio da Sa\u00fade (MS), em parceria com a Escola de Enfermagem da Universidade Federal de Minas Gerais (EEUFMG) estruturam e disponibilizam o Curso de Aprimoramento para Enfermeiras Obst\u00e9tricas (CAEO) no componente parto e nascimento para os hospitais do projeto ApiceON.<\/span><\/p>\n<p style=\"text-align: justify;\"><span style=\"font-size: 16px;\">O Aprimoramento vem como uma estrat\u00e9gia para implanta\u00e7\u00e3o e dissemina\u00e7\u00e3o do modelo preconizado pela Organiza\u00e7\u00e3o Mundial da Sa\u00fade (OMS) de assist\u00eancia ao parto e nascimento, que se aproxima do menor controle e maior cuidado no parto, em contraposi\u00e7\u00e3o ao uso desnecess\u00e1rio de interven\u00e7\u00f5es m\u00e9dicas e procedimentos invasivos.<\/span><\/p>\n<p style=\"text-align: justify;\">Acesso o material do curso abaixo ou realize o download <a href=\"http:\/\/portaldeboaspraticas.iff.fiocruz.br\/apice\/wp-content\/uploads\/2019\/04\/caderno_Curso_Aprimoramento_Enfermeiras_Obst\u00e9tricas.pdf\" target=\"_blank\" rel=\"noopener\">aqui<\/a>.<\/p>\n<div class=\"issuuembed\" style=\"width: 100%; height: 337px; text-align: center;\" data-configid=\"37248442\/69105657\"><\/div>\n<p><script type=\"text\/javascript\" src=\"\/\/e.issuu.com\/embed.js\" async=\"true\"><\/script><\/p>\n<p>&nbsp;<\/p>\n<p style=\"text-align: left;\"><strong>Conte\u00fado Relacionado:<\/strong><\/p>\n<ul>\n<li style=\"text-align: left;\"><a href=\"http:\/\/portaldeboaspraticas.iff.fiocruz.br\/apice\/o-projeto\/aprimorandas\/\" target=\"_blank\" rel=\"noopener\">Curso de Aprimoramento para Enfermeiras Obst\u00e9tricas<\/a><\/li>\n<li style=\"text-align: left;\"><a href=\"http:\/\/portaldeboaspraticas.iff.fiocruz.br\/atencao-mulher\/enfermagem-obstetrica-integralidade-e-humanizacao-do-cuidado\/\" target=\"_blank\" rel=\"noopener\">Enfermagem Obst\u00e9trica: integralidade e humaniza\u00e7\u00e3o do cuidado<\/a><\/li>\n<\/ul>\n","protected":false},"excerpt":{"rendered":"<p>Neste 12 de abril, o Projeto ApiceON &#8211; Aprimoramento e Inova\u00e7\u00e3o no Cuidado e Ensino em Obstetr\u00edcia e\u00a0 Neonatologia &#8211; faz sua homenagem \u00e0s M\u00e9dicas e M\u00e9dicos Obstetras e \u00e0 Enfermagem Obst\u00e9trica e Obstetrizes, que representam o cuidado humanizado atrav\u00e9s da promo\u00e7\u00e3o da assist\u00eancia integral \u00e0 mulher nas diversas fases de sua vida, principalmente no [&hellip;]<\/p>\n","protected":false},"author":2,"featured_media":1670,"parent":0,"menu_order":0,"comment_status":"closed","ping_status":"closed","template":"","meta":{"footnotes":""},"class_list":["post-1669","page","type-page","status-publish","has-post-thumbnail","hentry"],"_links":{"self":[{"href":"https:\/\/portaldeboaspraticas.iff.fiocruz.br\/apice\/wp-json\/wp\/v2\/pages\/1669","targetHints":{"allow":["GET"]}}],"collection":[{"href":"https:\/\/portaldeboaspraticas.iff.fiocruz.br\/apice\/wp-json\/wp\/v2\/pages"}],"about":[{"href":"https:\/\/portaldeboaspraticas.iff.fiocruz.br\/apice\/wp-json\/wp\/v2\/types\/page"}],"author":[{"embeddable":true,"href":"https:\/\/portaldeboaspraticas.iff.fiocruz.br\/apice\/wp-json\/wp\/v2\/users\/2"}],"replies":[{"embeddable":true,"href":"https:\/\/portaldeboaspraticas.iff.fiocruz.br\/apice\/wp-json\/wp\/v2\/comments?post=1669"}],"version-history":[{"count":22,"href":"https:\/\/portaldeboaspraticas.iff.fiocruz.br\/apice\/wp-json\/wp\/v2\/pages\/1669\/revisions"}],"predecessor-version":[{"id":1715,"href":"https:\/\/portaldeboaspraticas.iff.fiocruz.br\/apice\/wp-json\/wp\/v2\/pages\/1669\/revisions\/1715"}],"wp:featuredmedia":[{"embeddable":true,"href":"https:\/\/portaldeboaspraticas.iff.fiocruz.br\/apice\/wp-json\/wp\/v2\/media\/1670"}],"wp:attachment":[{"href":"https:\/\/portaldeboaspraticas.iff.fiocruz.br\/apice\/wp-json\/wp\/v2\/media?parent=1669"}],"curies":[{"name":"wp","href":"https:\/\/api.w.org\/{rel}","templated":true}]}}