{"id":1820,"date":"2019-05-02T08:08:17","date_gmt":"2019-05-02T11:08:17","guid":{"rendered":"http:\/\/portaldeboaspraticas.iff.fiocruz.br\/apice\/?page_id=1820"},"modified":"2019-05-06T11:55:19","modified_gmt":"2019-05-06T14:55:19","slug":"classificacao-de-robson-e-tema-do-apiceon","status":"publish","type":"page","link":"https:\/\/portaldeboaspraticas.iff.fiocruz.br\/apice\/classificacao-de-robson-e-tema-do-apiceon\/","title":{"rendered":"Classifica\u00e7\u00e3o de Robson \u00e9 tema do ApiceON"},"content":{"rendered":"<p style=\"text-align: justify;\"><a href=\"http:\/\/portaldeboaspraticas.iff.fiocruz.br\/wp-content\/uploads\/2019\/05\/Infogr\u00e1fico-Classifica\u00e7\u00e3o-de-Robson-1_VF.png\" target=\"_blank\" rel=\"noopener\"><img decoding=\"async\" class=\"wp-image-1822\" src=\"http:\/\/portaldeboaspraticas.iff.fiocruz.br\/apice\/wp-content\/uploads\/2019\/05\/Infogr\u00e1fico-Classifica\u00e7\u00e3o-de-Robson-1_VF.png\" alt=\"Classifica\u00e7\u00e3o de Robson \u00e9 tema do ApiceON\" width=\"100%\" height=\"100%\" \/><\/a><\/p>\n<p>&nbsp;<\/p>\n<p>&nbsp;<\/p>\n<h3 style=\"text-align: justify;\"><strong>Conhe\u00e7a os 10 Grupos de Robson e saiba como implementar no seu hospital<\/strong><\/h3>\n<p style=\"text-align: justify;\"><img decoding=\"async\" class=\"wp-image-1818\" src=\"http:\/\/portaldeboaspraticas.iff.fiocruz.br\/apice\/wp-content\/uploads\/2019\/04\/classificacao_robson_oms-6.jpg\" alt=\"dez grupos de robson\" width=\"100%\" height=\"100%\" \/><\/p>\n<p>&nbsp;<\/p>\n<h3 style=\"text-align: justify;\"><strong>Conhe\u00e7a o Aplicativo Classifica\u00e7\u00e3o de Robson desenvolvido para apoiar\u00a0o profissional da sa\u00fade no momento da classifica\u00e7\u00e3o.<\/strong><\/h3>\n<p>&nbsp;<\/p>\n<p style=\"text-align: justify;\"><iframe loading=\"lazy\" src=\"https:\/\/www.youtube.com\/embed\/mp60IHV_R1g\" width=\"100%\" height=\"360\" frameborder=\"0\" allowfullscreen=\"allowfullscreen\"><span data-mce-type=\"bookmark\" style=\"display: inline-block; width: 0px; overflow: hidden; line-height: 0;\" class=\"mce_SELRES_start\">\ufeff<\/span><\/iframe><\/p>\n<p>O aplicativo j\u00e1 est\u00e1 dispon\u00edvel na loja de aplicativos <a href=\"https:\/\/play.google.com\/store\/apps\/details?id=com.medicina.ufmg.classificacaoderobson\" target=\"_blank\" rel=\"noopener\">Google Play<\/a> para sistemas Android.\u00a0A vers\u00e3o para iOS est\u00e1 em desenvolvimento.<\/p>\n<p>&nbsp;<\/p>\n<p style=\"text-align: justify;\"><strong>Conte\u00fado Relacionado<\/strong><\/p>\n<ul style=\"text-align: justify;\">\n<li>Postagem Portal de Boas Pr\u00e1ticas &#8211; <a href=\"http:\/\/portaldeboaspraticas.iff.fiocruz.br\/atencao-mulher\/classificacao-de-robson\/\" target=\"_blank\" rel=\"noopener\">Classifica\u00e7\u00e3o de Robson<\/a><\/li>\n<li>Postagem Portal de Boas Pr\u00e1ticas &#8211; <a href=\"http:\/\/portaldeboaspraticas.iff.fiocruz.br\/atencao-mulher\/principais-questoes-sobre-a-classificacao-de-robson-em-obstetricia\/\" target=\"_blank\" rel=\"noopener\">Principais quest\u00f5es sobre a Classifica\u00e7\u00e3o de Robson em Obstetr\u00edcia<\/a><\/li>\n<li style=\"text-align: justify;\"><a href=\"http:\/\/svs.aids.gov.br\/dantps\/centrais-de-conteudos\/paineis-de-monitoramento\/natalidade\/grupos-de-robson\/\" target=\"_blank\" rel=\"noopener\">Painel de Monitoramento de Nascidos Vivos segundo Classifica\u00e7\u00e3o de Risco Epidemiol\u00f3gico (Grupos de Robson)<\/a><\/li>\n<li>Postagem Portal de Boas Pr\u00e1ticas &#8211; <a href=\"http:\/\/portaldeboaspraticas.iff.fiocruz.br\/atencao-mulher\/cesariana-a-pedido-desenvolvendo-oferta-de-opcoes-equivalentes\/\" target=\"_blank\" rel=\"noopener\">Cesariana a pedido: desenvolvendo oferta de op\u00e7\u00f5es equivalentes<\/a><\/li>\n<li>Postagem Portal de Boas Pr\u00e1ticas &#8211; <a href=\"http:\/\/portaldeboaspraticas.iff.fiocruz.br\/atencao-mulher\/parto-vaginal-apos-cesariana-pvac-vbac\/\" target=\"_blank\" rel=\"noopener\">Parto Vaginal Ap\u00f3s Cesariana (PVAC \u2013 VBAC)<\/a><\/li>\n<\/ul>\n<p style=\"text-align: justify;\">\n","protected":false},"excerpt":{"rendered":"<p>&nbsp; &nbsp; Conhe\u00e7a os 10 Grupos de Robson e saiba como implementar no seu hospital &nbsp; Conhe\u00e7a o Aplicativo Classifica\u00e7\u00e3o de Robson desenvolvido para apoiar\u00a0o profissional da sa\u00fade no momento da classifica\u00e7\u00e3o. &nbsp; \ufeff O aplicativo j\u00e1 est\u00e1 dispon\u00edvel na loja de aplicativos Google Play para sistemas Android.\u00a0A vers\u00e3o para iOS est\u00e1 em desenvolvimento. &nbsp; [&hellip;]<\/p>\n","protected":false},"author":2,"featured_media":1822,"parent":0,"menu_order":0,"comment_status":"closed","ping_status":"closed","template":"","meta":{"footnotes":""},"class_list":["post-1820","page","type-page","status-publish","has-post-thumbnail","hentry"],"_links":{"self":[{"href":"https:\/\/portaldeboaspraticas.iff.fiocruz.br\/apice\/wp-json\/wp\/v2\/pages\/1820","targetHints":{"allow":["GET"]}}],"collection":[{"href":"https:\/\/portaldeboaspraticas.iff.fiocruz.br\/apice\/wp-json\/wp\/v2\/pages"}],"about":[{"href":"https:\/\/portaldeboaspraticas.iff.fiocruz.br\/apice\/wp-json\/wp\/v2\/types\/page"}],"author":[{"embeddable":true,"href":"https:\/\/portaldeboaspraticas.iff.fiocruz.br\/apice\/wp-json\/wp\/v2\/users\/2"}],"replies":[{"embeddable":true,"href":"https:\/\/portaldeboaspraticas.iff.fiocruz.br\/apice\/wp-json\/wp\/v2\/comments?post=1820"}],"version-history":[{"count":19,"href":"https:\/\/portaldeboaspraticas.iff.fiocruz.br\/apice\/wp-json\/wp\/v2\/pages\/1820\/revisions"}],"predecessor-version":[{"id":2401,"href":"https:\/\/portaldeboaspraticas.iff.fiocruz.br\/apice\/wp-json\/wp\/v2\/pages\/1820\/revisions\/2401"}],"wp:featuredmedia":[{"embeddable":true,"href":"https:\/\/portaldeboaspraticas.iff.fiocruz.br\/apice\/wp-json\/wp\/v2\/media\/1822"}],"wp:attachment":[{"href":"https:\/\/portaldeboaspraticas.iff.fiocruz.br\/apice\/wp-json\/wp\/v2\/media?parent=1820"}],"curies":[{"name":"wp","href":"https:\/\/api.w.org\/{rel}","templated":true}]}}