{"id":2449,"date":"2019-07-08T00:06:40","date_gmt":"2019-07-08T03:06:40","guid":{"rendered":"http:\/\/portaldeboaspraticas.iff.fiocruz.br\/apice\/?page_id=2449"},"modified":"2019-07-08T00:06:40","modified_gmt":"2019-07-08T03:06:40","slug":"hospital-maternidade-mae-esperanca","status":"publish","type":"page","link":"https:\/\/portaldeboaspraticas.iff.fiocruz.br\/apice\/o-projeto\/hospitais-que-integram-o-projeto-apice-on\/hospital-maternidade-mae-esperanca\/","title":{"rendered":"HOSPITAL MATERNIDADE M\u00c3E ESPERAN\u00c7A"},"content":{"rendered":"<p style=\"text-align: justify;\"><span style=\"font-size: 20px;\"><strong>Regi\u00e3o Norte<\/strong><\/span><\/p>\n<p style=\"text-align: justify;\"><img decoding=\"async\" class=\"alignnone wp-image-2407 size-full\" src=\"http:\/\/portaldeboaspraticas.iff.fiocruz.br\/apice\/wp-content\/uploads\/2019\/07\/HOSPITAL-MATERNIDADE-M\u00c3E-ESPERAN\u00c7A.jpg\" alt=\"\" width=\"70%\" height=\"70%\" srcset=\"https:\/\/portaldeboaspraticas.iff.fiocruz.br\/apice\/wp-content\/uploads\/2019\/07\/HOSPITAL-MATERNIDADE-M\u00c3E-ESPERAN\u00c7A.jpg 800w, https:\/\/portaldeboaspraticas.iff.fiocruz.br\/apice\/wp-content\/uploads\/2019\/07\/HOSPITAL-MATERNIDADE-M\u00c3E-ESPERAN\u00c7A-300x225.jpg 300w, https:\/\/portaldeboaspraticas.iff.fiocruz.br\/apice\/wp-content\/uploads\/2019\/07\/HOSPITAL-MATERNIDADE-M\u00c3E-ESPERAN\u00c7A-768x576.jpg 768w\" sizes=\"(max-width: 800px) 100vw, 800px\" \/><\/p>\n<p style=\"text-align: justify;\">Endere\u00e7o: R. Venezuela, 2350 &#8211; Embratel, Porto Velho &#8211; RO, 76820-810<br \/>\nContato: (69) 3225-2819<br \/>\nSite: <a href=\"https:\/\/www.portovelho.ro.gov.br\/\" target=\"_blank\" rel=\"noopener\">https:\/\/www.portovelho.ro.gov.br\/<\/a><\/p>\n<p style=\"text-align: left;\"><strong>Conte\u00fado Relacionado:<\/strong><\/p>\n<ul>\n<li style=\"text-align: left;\">Not\u00edcias ApiceON &#8211; <a href=\"http:\/\/portaldeboaspraticas.iff.fiocruz.br\/apice\/porto-velho-ro-recebe-i-seminario-local-apiceon\/\" target=\"_blank\" rel=\"noopener\">Porto Velho (RO) recebe I Semin\u00e1rio Local ApiceON<\/a><\/li>\n<\/ul>\n","protected":false},"excerpt":{"rendered":"<p>Regi\u00e3o Norte Endere\u00e7o: R. Venezuela, 2350 &#8211; Embratel, Porto Velho &#8211; RO, 76820-810 Contato: (69) 3225-2819 Site: https:\/\/www.portovelho.ro.gov.br\/ Conte\u00fado Relacionado: Not\u00edcias ApiceON &#8211; Porto Velho (RO) recebe I Semin\u00e1rio Local ApiceON<\/p>\n","protected":false},"author":2,"featured_media":2407,"parent":1134,"menu_order":0,"comment_status":"closed","ping_status":"closed","template":"","meta":{"footnotes":""},"class_list":["post-2449","page","type-page","status-publish","has-post-thumbnail","hentry"],"_links":{"self":[{"href":"https:\/\/portaldeboaspraticas.iff.fiocruz.br\/apice\/wp-json\/wp\/v2\/pages\/2449","targetHints":{"allow":["GET"]}}],"collection":[{"href":"https:\/\/portaldeboaspraticas.iff.fiocruz.br\/apice\/wp-json\/wp\/v2\/pages"}],"about":[{"href":"https:\/\/portaldeboaspraticas.iff.fiocruz.br\/apice\/wp-json\/wp\/v2\/types\/page"}],"author":[{"embeddable":true,"href":"https:\/\/portaldeboaspraticas.iff.fiocruz.br\/apice\/wp-json\/wp\/v2\/users\/2"}],"replies":[{"embeddable":true,"href":"https:\/\/portaldeboaspraticas.iff.fiocruz.br\/apice\/wp-json\/wp\/v2\/comments?post=2449"}],"version-history":[{"count":1,"href":"https:\/\/portaldeboaspraticas.iff.fiocruz.br\/apice\/wp-json\/wp\/v2\/pages\/2449\/revisions"}],"predecessor-version":[{"id":2450,"href":"https:\/\/portaldeboaspraticas.iff.fiocruz.br\/apice\/wp-json\/wp\/v2\/pages\/2449\/revisions\/2450"}],"up":[{"embeddable":true,"href":"https:\/\/portaldeboaspraticas.iff.fiocruz.br\/apice\/wp-json\/wp\/v2\/pages\/1134"}],"wp:featuredmedia":[{"embeddable":true,"href":"https:\/\/portaldeboaspraticas.iff.fiocruz.br\/apice\/wp-json\/wp\/v2\/media\/2407"}],"wp:attachment":[{"href":"https:\/\/portaldeboaspraticas.iff.fiocruz.br\/apice\/wp-json\/wp\/v2\/media?parent=2449"}],"curies":[{"name":"wp","href":"https:\/\/api.w.org\/{rel}","templated":true}]}}