{"id":2708,"date":"2019-07-19T01:15:25","date_gmt":"2019-07-19T04:15:25","guid":{"rendered":"http:\/\/portaldeboaspraticas.iff.fiocruz.br\/apice\/?page_id=2708"},"modified":"2019-07-19T01:15:25","modified_gmt":"2019-07-19T04:15:25","slug":"hospital-guilherme-alvaro-santos","status":"publish","type":"page","link":"https:\/\/portaldeboaspraticas.iff.fiocruz.br\/apice\/o-projeto\/hospitais-que-integram-o-projeto-apice-on\/hospital-guilherme-alvaro-santos\/","title":{"rendered":"HOSPITAL GUILHERME \u00c1LVARO SANTOS"},"content":{"rendered":"<p style=\"text-align: justify;\"><span style=\"font-size: 20px;\"><strong>Regi\u00e3o Sudeste II<\/strong><\/span><\/p>\n<p style=\"text-align: justify;\"><img decoding=\"async\" class=\"alignnone wp-image-2598 size-full\" src=\"http:\/\/portaldeboaspraticas.iff.fiocruz.br\/apice\/wp-content\/uploads\/2019\/07\/HOSPITAL-GUILHERME-\u00c1LVARO-SANTOS.jpg\" alt=\"\" width=\"70%\" height=\"70%\" srcset=\"https:\/\/portaldeboaspraticas.iff.fiocruz.br\/apice\/wp-content\/uploads\/2019\/07\/HOSPITAL-GUILHERME-\u00c1LVARO-SANTOS.jpg 800w, https:\/\/portaldeboaspraticas.iff.fiocruz.br\/apice\/wp-content\/uploads\/2019\/07\/HOSPITAL-GUILHERME-\u00c1LVARO-SANTOS-300x225.jpg 300w, https:\/\/portaldeboaspraticas.iff.fiocruz.br\/apice\/wp-content\/uploads\/2019\/07\/HOSPITAL-GUILHERME-\u00c1LVARO-SANTOS-768x576.jpg 768w\" sizes=\"(max-width: 800px) 100vw, 800px\" \/><\/p>\n<p style=\"text-align: justify;\">R. Oswaldo Cruz, 197 &#8211; Boqueir\u00e3o, Santos &#8211; SP, 11045-904<br \/>\nContato: (13) 3202-1300<br \/>\nSite: <a href=\"http:\/\/www.cidadao.sp.gov.br\/servico.php?serv=2720\" target=\"_blank\" rel=\"noopener\">http:\/\/www.cidadao.sp.gov.br\/servico.php?serv=2720<\/a><\/p>\n<p style=\"text-align: justify;\"><strong>Conte\u00fado Relacionado:<\/strong><\/p>\n<ul>\n<li style=\"text-align: justify;\">Not\u00edcias ApiceON &#8211; <a href=\"http:\/\/portaldeboaspraticas.iff.fiocruz.br\/apice\/sao-paulo-recebe-2-seminario-do-curso-de-aprimoramento-da-enfermagem-obstetrica\/\" target=\"_blank\" rel=\"noopener\">S\u00e3o Paulo recebe 2\u00b0 Semin\u00e1rio do Curso de Aprimoramento da Enfermagem Obst\u00e9trica<\/a><\/li>\n<\/ul>\n","protected":false},"excerpt":{"rendered":"<p>Regi\u00e3o Sudeste II R. Oswaldo Cruz, 197 &#8211; Boqueir\u00e3o, Santos &#8211; SP, 11045-904 Contato: (13) 3202-1300 Site: http:\/\/www.cidadao.sp.gov.br\/servico.php?serv=2720 Conte\u00fado Relacionado: Not\u00edcias ApiceON &#8211; S\u00e3o Paulo recebe 2\u00b0 Semin\u00e1rio do Curso de Aprimoramento da Enfermagem Obst\u00e9trica<\/p>\n","protected":false},"author":2,"featured_media":2598,"parent":1134,"menu_order":0,"comment_status":"closed","ping_status":"closed","template":"","meta":{"footnotes":""},"class_list":["post-2708","page","type-page","status-publish","has-post-thumbnail","hentry"],"_links":{"self":[{"href":"https:\/\/portaldeboaspraticas.iff.fiocruz.br\/apice\/wp-json\/wp\/v2\/pages\/2708","targetHints":{"allow":["GET"]}}],"collection":[{"href":"https:\/\/portaldeboaspraticas.iff.fiocruz.br\/apice\/wp-json\/wp\/v2\/pages"}],"about":[{"href":"https:\/\/portaldeboaspraticas.iff.fiocruz.br\/apice\/wp-json\/wp\/v2\/types\/page"}],"author":[{"embeddable":true,"href":"https:\/\/portaldeboaspraticas.iff.fiocruz.br\/apice\/wp-json\/wp\/v2\/users\/2"}],"replies":[{"embeddable":true,"href":"https:\/\/portaldeboaspraticas.iff.fiocruz.br\/apice\/wp-json\/wp\/v2\/comments?post=2708"}],"version-history":[{"count":1,"href":"https:\/\/portaldeboaspraticas.iff.fiocruz.br\/apice\/wp-json\/wp\/v2\/pages\/2708\/revisions"}],"predecessor-version":[{"id":2709,"href":"https:\/\/portaldeboaspraticas.iff.fiocruz.br\/apice\/wp-json\/wp\/v2\/pages\/2708\/revisions\/2709"}],"up":[{"embeddable":true,"href":"https:\/\/portaldeboaspraticas.iff.fiocruz.br\/apice\/wp-json\/wp\/v2\/pages\/1134"}],"wp:featuredmedia":[{"embeddable":true,"href":"https:\/\/portaldeboaspraticas.iff.fiocruz.br\/apice\/wp-json\/wp\/v2\/media\/2598"}],"wp:attachment":[{"href":"https:\/\/portaldeboaspraticas.iff.fiocruz.br\/apice\/wp-json\/wp\/v2\/media?parent=2708"}],"curies":[{"name":"wp","href":"https:\/\/api.w.org\/{rel}","templated":true}]}}