{"id":2725,"date":"2019-07-19T08:56:19","date_gmt":"2019-07-19T11:56:19","guid":{"rendered":"http:\/\/portaldeboaspraticas.iff.fiocruz.br\/apice\/?page_id=2725"},"modified":"2019-07-19T08:56:19","modified_gmt":"2019-07-19T11:56:19","slug":"hospital-e-maternidade-leonor-mendes-de-barros","status":"publish","type":"page","link":"https:\/\/portaldeboaspraticas.iff.fiocruz.br\/apice\/o-projeto\/hospitais-que-integram-o-projeto-apice-on\/hospital-e-maternidade-leonor-mendes-de-barros\/","title":{"rendered":"HOSPITAL E MATERNIDADE LEONOR MENDES DE BARROS"},"content":{"rendered":"<p style=\"text-align: justify;\"><span style=\"font-size: 20px;\"><strong>Regi\u00e3o Sudeste II<\/strong><\/span><\/p>\n<p style=\"text-align: justify;\"><img decoding=\"async\" class=\"alignnone wp-image-2594 size-full\" src=\"http:\/\/portaldeboaspraticas.iff.fiocruz.br\/apice\/wp-content\/uploads\/2019\/07\/HOSPITAL-E-MATERNIDADE-LEONOR-MENDES-DE-BARROS-S\u00c3O-PAULO.jpg\" alt=\"\" width=\"70%\" height=\"70%\" srcset=\"https:\/\/portaldeboaspraticas.iff.fiocruz.br\/apice\/wp-content\/uploads\/2019\/07\/HOSPITAL-E-MATERNIDADE-LEONOR-MENDES-DE-BARROS-S\u00c3O-PAULO.jpg 800w, https:\/\/portaldeboaspraticas.iff.fiocruz.br\/apice\/wp-content\/uploads\/2019\/07\/HOSPITAL-E-MATERNIDADE-LEONOR-MENDES-DE-BARROS-S\u00c3O-PAULO-300x225.jpg 300w, https:\/\/portaldeboaspraticas.iff.fiocruz.br\/apice\/wp-content\/uploads\/2019\/07\/HOSPITAL-E-MATERNIDADE-LEONOR-MENDES-DE-BARROS-S\u00c3O-PAULO-768x576.jpg 768w\" sizes=\"(max-width: 800px) 100vw, 800px\" \/><\/p>\n<p style=\"text-align: justify;\">Endere\u00e7o: Av. Celso Garcia, 2477 &#8211; Belenzinho, S\u00e3o Paulo &#8211; SP, 03064-000<br \/>\nContato: (11) 2292-4188<br \/>\nSite: <a href=\"http:\/\/www.cidadao.sp.gov.br\/servico.php?serv=303658\" target=\"_blank\" rel=\"noopener\">http:\/\/www.cidadao.sp.gov.br<\/a><\/p>\n","protected":false},"excerpt":{"rendered":"<p>Regi\u00e3o Sudeste II Endere\u00e7o: Av. Celso Garcia, 2477 &#8211; Belenzinho, S\u00e3o Paulo &#8211; SP, 03064-000 Contato: (11) 2292-4188 Site: http:\/\/www.cidadao.sp.gov.br<\/p>\n","protected":false},"author":2,"featured_media":2594,"parent":1134,"menu_order":0,"comment_status":"closed","ping_status":"closed","template":"","meta":{"footnotes":""},"class_list":["post-2725","page","type-page","status-publish","has-post-thumbnail","hentry"],"_links":{"self":[{"href":"https:\/\/portaldeboaspraticas.iff.fiocruz.br\/apice\/wp-json\/wp\/v2\/pages\/2725","targetHints":{"allow":["GET"]}}],"collection":[{"href":"https:\/\/portaldeboaspraticas.iff.fiocruz.br\/apice\/wp-json\/wp\/v2\/pages"}],"about":[{"href":"https:\/\/portaldeboaspraticas.iff.fiocruz.br\/apice\/wp-json\/wp\/v2\/types\/page"}],"author":[{"embeddable":true,"href":"https:\/\/portaldeboaspraticas.iff.fiocruz.br\/apice\/wp-json\/wp\/v2\/users\/2"}],"replies":[{"embeddable":true,"href":"https:\/\/portaldeboaspraticas.iff.fiocruz.br\/apice\/wp-json\/wp\/v2\/comments?post=2725"}],"version-history":[{"count":1,"href":"https:\/\/portaldeboaspraticas.iff.fiocruz.br\/apice\/wp-json\/wp\/v2\/pages\/2725\/revisions"}],"predecessor-version":[{"id":2726,"href":"https:\/\/portaldeboaspraticas.iff.fiocruz.br\/apice\/wp-json\/wp\/v2\/pages\/2725\/revisions\/2726"}],"up":[{"embeddable":true,"href":"https:\/\/portaldeboaspraticas.iff.fiocruz.br\/apice\/wp-json\/wp\/v2\/pages\/1134"}],"wp:featuredmedia":[{"embeddable":true,"href":"https:\/\/portaldeboaspraticas.iff.fiocruz.br\/apice\/wp-json\/wp\/v2\/media\/2594"}],"wp:attachment":[{"href":"https:\/\/portaldeboaspraticas.iff.fiocruz.br\/apice\/wp-json\/wp\/v2\/media?parent=2725"}],"curies":[{"name":"wp","href":"https:\/\/api.w.org\/{rel}","templated":true}]}}