{"id":2865,"date":"2019-08-15T20:35:38","date_gmt":"2019-08-15T23:35:38","guid":{"rendered":"http:\/\/portaldeboaspraticas.iff.fiocruz.br\/apice\/?page_id=2865"},"modified":"2020-04-13T14:53:34","modified_gmt":"2020-04-13T17:53:34","slug":"boletins-apiceon","status":"publish","type":"page","link":"https:\/\/portaldeboaspraticas.iff.fiocruz.br\/apice\/boletins-apiceon\/","title":{"rendered":"Boletins ApiceON"},"content":{"rendered":"\r\n<p style=\"text-align: justify;\">O Boletim ApiceON \u00e9 uma publica\u00e7\u00e3o informativa em formato eletr\u00f4nico, de distribui\u00e7\u00e3o mensal preparada especialmente para os servi\u00e7os que aderiram ao projeto. \u00c9 uma ferramenta para dissemina\u00e7\u00e3o de boas pr\u00e1ticas, com base em evid\u00eancias cient\u00edficas, de temas caros ao Projeto, divulgando artigos cient\u00edficos e infogr\u00e1ficos que auxiliem o aprimoramento do servi\u00e7os hospitalares nas \u00e1reas de obstetr\u00edcia e neonatologia.<\/p>\r\n<p style=\"text-align: justify;\">Essa p\u00e1gina re\u00fane em um \u00fanico local todas as edi\u00e7\u00f5es dos boletins publicados, garantindo assim o acesso permanente ao conte\u00fado j\u00e1 elaborado pelo Projeto ApiceON.<\/p>\r\n<p>&nbsp;<\/p>\r\n<p>&nbsp;<\/p>\r\n<center><iframe loading=\"lazy\" src=\"https:\/\/www.youtube.com\/embed\/CzDjwERV4ho?rel=0\" width=\"70%\" height=\"360\" frameborder=\"0\" allowfullscreen=\"allowfullscreen\"><span data-mce-type=\"bookmark\" style=\"display: inline-block; width: 0px; overflow: hidden; line-height: 0;\" class=\"mce_SELRES_start\">\ufeff<\/span><span data-mce-type=\"bookmark\" style=\"display: inline-block; width: 0px; overflow: hidden; line-height: 0;\" class=\"mce_SELRES_start\">\ufeff<\/span><\/iframe><\/center>\r\n<p>&nbsp;<\/p>\r\n<hr width=\"50%\" \/>\r\n<table style=\"width: 100%;\" width=\"70%\" align=\"center\">\r\n<tbody>\r\n<tr>\r\n<td style=\"width: 100%;\">\u00a0\r\n<div style=\"text-align: center;\" align=\"left\">\r\n<div style=\"border: 2px solid #999999; width: 233px; margin-left: auto; margin-right: auto;\"><a href=\"https:\/\/portaldeboaspraticas.iff.fiocruz.br\/apice\/boletim-apiceon-12-obstetricia-e-neonatologia-em-tempos-da-pandemia-do-covid-19\/\" target=\"_blank\" rel=\"noopener noreferrer\"><img loading=\"lazy\" decoding=\"async\" class=\"aligncenter wp-image-3973 size-medium\" src=\"https:\/\/portaldeboaspraticas.iff.fiocruz.br\/apice\/wp-content\/uploads\/2020\/04\/boletim-12-209x300.jpg\" alt=\"\" width=\"209\" height=\"300\" srcset=\"https:\/\/portaldeboaspraticas.iff.fiocruz.br\/apice\/wp-content\/uploads\/2020\/04\/boletim-12-209x300.jpg 209w, https:\/\/portaldeboaspraticas.iff.fiocruz.br\/apice\/wp-content\/uploads\/2020\/04\/boletim-12.jpg 364w\" sizes=\"auto, (max-width: 209px) 100vw, 209px\" \/><\/a><\/div>\r\n<p>&nbsp;<\/p>\r\n<p><span style=\"color: #000000;\"><a style=\"color: #000000;\" href=\"https:\/\/portaldeboaspraticas.iff.fiocruz.br\/apice\/boletim-apiceon-12-obstetricia-e-neonatologia-em-tempos-da-pandemia-do-covid-19\/\" target=\"_blank\" rel=\"noopener noreferrer\"><strong><span style=\"font-size: 20px;\">Boletim 12<\/span><\/strong><\/a><\/span><\/p>\r\n<p><span style=\"color: #000000;\"><strong><a style=\"color: #000000;\" href=\"https:\/\/portaldeboaspraticas.iff.fiocruz.br\/apice\/boletim-apiceon-12-obstetricia-e-neonatologia-em-tempos-da-pandemia-do-covid-19\/\" target=\"_blank\" rel=\"noopener noreferrer\">Obstetr\u00edcia e Neonatologia em tempos da pandemia do COVID-19<\/a><\/strong><\/span><\/p>\r\n<hr width=\"50%\" \/>\r\n<table style=\"width: 100%;\" width=\"70%\" align=\"center\">\r\n<tbody>\r\n<tr>\r\n<td style=\"width: 100%;\">\u00a0\r\n<div style=\"text-align: center;\" align=\"left\">\r\n<div style=\"border: 2px solid #999999; width: 233px; margin-left: auto; margin-right: auto;\"><a href=\"https:\/\/portaldeboaspraticas.iff.fiocruz.br\/apice\/boletim-apiceon-11\/\" target=\"_blank\" rel=\"noopener noreferrer\"><img loading=\"lazy\" decoding=\"async\" class=\"aligncenter wp-image-3846 size-medium\" src=\"https:\/\/portaldeboaspraticas.iff.fiocruz.br\/apice\/wp-content\/uploads\/2020\/03\/boletim-11-226x300.jpg\" alt=\"\" width=\"226\" height=\"300\" srcset=\"https:\/\/portaldeboaspraticas.iff.fiocruz.br\/apice\/wp-content\/uploads\/2020\/03\/boletim-11-226x300.jpg 226w, https:\/\/portaldeboaspraticas.iff.fiocruz.br\/apice\/wp-content\/uploads\/2020\/03\/boletim-11.jpg 409w\" sizes=\"auto, (max-width: 226px) 100vw, 226px\" \/><\/a><\/div>\r\n<p>&nbsp;<\/p>\r\n<p><span style=\"color: #000000;\"><a style=\"color: #000000;\" href=\"https:\/\/portaldeboaspraticas.iff.fiocruz.br\/apice\/boletim-apiceon-11\/\" target=\"_blank\" rel=\"noopener noreferrer\"><strong><span style=\"font-size: 20px;\">Boletim 11<\/span><\/strong><\/a><\/span><\/p>\r\n<p><span style=\"color: #000000;\"><strong><a style=\"color: #000000;\" href=\"https:\/\/portaldeboaspraticas.iff.fiocruz.br\/apice\/boletim-apiceon-11\/\" target=\"_blank\" rel=\"noopener noreferrer\">Autonomia e Protagonismo das Mulheres<\/a><\/strong><\/span><\/p>\r\n<hr width=\"50%\" \/>\r\n<table style=\"width: 100%;\" width=\"70%\" align=\"center\">\r\n<tbody>\r\n<tr>\r\n<td style=\"width: 100%;\">\u00a0\r\n<div style=\"text-align: center;\" align=\"left\">\r\n<div style=\"border: 2px solid #999999; width: 233px; margin-left: auto; margin-right: auto;\"><a href=\"http:\/\/portaldeboaspraticas.iff.fiocruz.br\/apice\/boletim-apiceon-10\/\"><img loading=\"lazy\" decoding=\"async\" class=\"aligncenter wp-image-3728 size-medium\" src=\"http:\/\/portaldeboaspraticas.iff.fiocruz.br\/apice\/wp-content\/uploads\/2020\/02\/boletim10-e1581010883379-191x300.jpg\" alt=\"\" width=\"191\" height=\"300\" \/><\/a><\/div>\r\n<p>&nbsp;<\/p>\r\n<p><span style=\"color: #000000;\"><a style=\"color: #000000;\" href=\"http:\/\/portaldeboaspraticas.iff.fiocruz.br\/apice\/boletim-apiceon-10\/\" target=\"_blank\" rel=\"noopener noreferrer\"><strong><span style=\"font-size: 20px;\">Boletim 10<\/span><\/strong><\/a><\/span><\/p>\r\n<p><span style=\"color: #000000;\"><strong><a style=\"color: #000000;\" href=\"http:\/\/portaldeboaspraticas.iff.fiocruz.br\/apice\/boletim-apiceon-10\/\" target=\"_blank\" rel=\"noopener noreferrer\">Experi\u00eancias Positivas de Parto, \u00c9tica Profissional, Autonomia das Mulheres, Garantia de Direitos<\/a><\/strong><\/span><\/p>\r\n<hr width=\"50%\" \/>\r\n<table style=\"width: 100%;\" width=\"70%\" align=\"center\">\r\n<tbody>\r\n<tr>\r\n<td style=\"width: 100%;\">\u00a0\r\n<div style=\"text-align: center;\" align=\"left\">\r\n<div style=\"border: 2px solid #999999; width: 233px; margin-left: auto; margin-right: auto;\"><a href=\"http:\/\/portaldeboaspraticas.iff.fiocruz.br\/apice\/boletim-apiceon-n-o-09-2019\/\"><img loading=\"lazy\" decoding=\"async\" class=\"aligncenter wp-image-3663 size-medium\" src=\"http:\/\/portaldeboaspraticas.iff.fiocruz.br\/apice\/wp-content\/uploads\/2019\/12\/boletim09-251x300.jpg\" alt=\"\" width=\"251\" height=\"300\" \/><\/a><\/div>\r\n<p>&nbsp;<\/p>\r\n<p><span style=\"color: #000000;\"><a style=\"color: #000000;\" href=\"http:\/\/portaldeboaspraticas.iff.fiocruz.br\/apice\/boletim-apiceon-n-o-09-2019\/\" target=\"_blank\" rel=\"noopener noreferrer\"><strong><span style=\"font-size: 20px;\">Boletim 09<\/span><\/strong><\/a><\/span><\/p>\r\n<p><span style=\"color: #000000;\"><strong><a style=\"color: #000000;\" href=\"http:\/\/portaldeboaspraticas.iff.fiocruz.br\/apice\/boletim-apiceon-n-o-09-2019\/\" target=\"_blank\" rel=\"noopener noreferrer\">\u00c9 tempo de nos afetarmos por experi\u00eancias potencializadoras<\/a><\/strong><\/span><\/p>\r\n<hr width=\"50%\" \/>\r\n<table style=\"width: 100%;\" width=\"70%\" align=\"center\">\r\n<tbody>\r\n<tr>\r\n<td style=\"width: 100%;\">\u00a0\r\n<div style=\"text-align: center;\" align=\"left\">\r\n<div style=\"border: 2px solid #999999; width: 233px; margin-left: auto; margin-right: auto;\"><a href=\"http:\/\/portaldeboaspraticas.iff.fiocruz.br\/apice\/boletim-apiceon-08-2019\/\"><img loading=\"lazy\" decoding=\"async\" class=\"aligncenter wp-image-3512 size-medium\" src=\"http:\/\/portaldeboaspraticas.iff.fiocruz.br\/apice\/wp-content\/uploads\/2019\/11\/boletim08-173x300.jpg\" alt=\"\" width=\"173\" height=\"300\" srcset=\"https:\/\/portaldeboaspraticas.iff.fiocruz.br\/apice\/wp-content\/uploads\/2019\/11\/boletim08-173x300.jpg 173w, https:\/\/portaldeboaspraticas.iff.fiocruz.br\/apice\/wp-content\/uploads\/2019\/11\/boletim08.jpg 351w\" sizes=\"auto, (max-width: 173px) 100vw, 173px\" \/><\/a><\/div>\r\n<p>&nbsp;<\/p>\r\n<p><span style=\"color: #000000;\"><a style=\"color: #000000;\" href=\"http:\/\/portaldeboaspraticas.iff.fiocruz.br\/apice\/boletim-apiceon-08-2019\/\" target=\"_blank\" rel=\"noopener noreferrer\"><strong><span style=\"font-size: 20px;\">Boletim 08<\/span><\/strong><\/a><\/span><\/p>\r\n<p><span style=\"color: #000000;\"><a style=\"color: #000000;\" href=\"http:\/\/portaldeboaspraticas.iff.fiocruz.br\/apice\/boletim-apiceon-08-2019\/\" target=\"_blank\" rel=\"noopener noreferrer\"><strong>Planejamento-Monitoramento-Avalia\u00e7\u00e3o: o trabalho em an\u00e1lise<br \/><\/strong><\/a><\/span><\/p>\r\n<hr width=\"50%\" \/>\r\n<p>&nbsp;<\/p>\r\n<\/div>\r\n<\/td>\r\n<\/tr>\r\n<tr>\r\n<td style=\"width: 100%;\">\u00a0\r\n<p>&nbsp;<\/p>\r\n<p>&nbsp;<\/p>\r\n<div style=\"text-align: center;\" align=\"left\">\r\n<div style=\"border: 2px solid #999999; width: 233px; margin-left: auto; margin-right: auto;\"><a href=\"http:\/\/portaldeboaspraticas.iff.fiocruz.br\/apice\/boletim-apiceon-07-2019\/\" target=\"_blank\" rel=\"noopener noreferrer\"><img loading=\"lazy\" decoding=\"async\" class=\"aligncenter wp-image-3233 size-medium\" src=\"http:\/\/portaldeboaspraticas.iff.fiocruz.br\/apice\/wp-content\/uploads\/2019\/10\/boletim07-196x300.jpg\" alt=\"\" width=\"196\" height=\"300\" srcset=\"https:\/\/portaldeboaspraticas.iff.fiocruz.br\/apice\/wp-content\/uploads\/2019\/10\/boletim07-196x300.jpg 196w, https:\/\/portaldeboaspraticas.iff.fiocruz.br\/apice\/wp-content\/uploads\/2019\/10\/boletim07.jpg 303w\" sizes=\"auto, (max-width: 196px) 100vw, 196px\" \/><\/a><\/div>\r\n<p>&nbsp;<\/p>\r\n<p><span style=\"color: #000000;\"><a style=\"color: #000000;\" href=\"http:\/\/portaldeboaspraticas.iff.fiocruz.br\/apice\/boletim-apiceon-07-2019\/\" target=\"_blank\" rel=\"noopener noreferrer\"><strong><span style=\"font-size: 20px;\">Boletim 07<\/span><\/strong><\/a><\/span><\/p>\r\n<p><span style=\"color: #000000;\"><a style=\"color: #000000;\" href=\"http:\/\/portaldeboaspraticas.iff.fiocruz.br\/apice\/boletim-apiceon-07-2019\/\" target=\"_blank\" rel=\"noopener noreferrer\"><strong> Monitoramento e Qualifica\u00e7\u00e3o do Cuidado ao Parto e Nascimento<br \/><\/strong><\/a><\/span><\/p>\r\n<hr width=\"50%\" \/>\r\n<p>&nbsp;<\/p>\r\n<\/div>\r\n<\/td>\r\n<\/tr>\r\n<tr>\r\n<td style=\"width: 100%;\">\u00a0\r\n<p>&nbsp;<\/p>\r\n<p>&nbsp;<\/p>\r\n<div style=\"text-align: center;\" align=\"left\">\r\n<div style=\"border: 2px solid #999999; width: 233px; margin-left: auto; margin-right: auto;\"><a href=\"http:\/\/portaldeboaspraticas.iff.fiocruz.br\/apice\/boletim-apiceon-06-2019\/\" target=\"_blank\" rel=\"noopener noreferrer\"><img loading=\"lazy\" decoding=\"async\" class=\"aligncenter wp-image-3104 size-medium\" src=\"http:\/\/portaldeboaspraticas.iff.fiocruz.br\/apice\/wp-content\/uploads\/2019\/10\/boletim06-191x300.jpg\" alt=\"\" width=\"191\" height=\"300\" srcset=\"https:\/\/portaldeboaspraticas.iff.fiocruz.br\/apice\/wp-content\/uploads\/2019\/10\/boletim06-191x300.jpg 191w, https:\/\/portaldeboaspraticas.iff.fiocruz.br\/apice\/wp-content\/uploads\/2019\/10\/boletim06.jpg 303w\" sizes=\"auto, (max-width: 191px) 100vw, 191px\" \/><\/a><\/div>\r\n<p>&nbsp;<\/p>\r\n<p><span style=\"color: #000000;\"><a style=\"color: #000000;\" href=\"http:\/\/portaldeboaspraticas.iff.fiocruz.br\/apice\/boletim-apiceon-06-2019\/\" target=\"_blank\" rel=\"noopener noreferrer\"><strong><span style=\"font-size: 20px;\">Boletim 06<\/span><\/strong><\/a><\/span><\/p>\r\n<p><span style=\"color: #000000;\"><a style=\"color: #000000;\" href=\"http:\/\/portaldeboaspraticas.iff.fiocruz.br\/apice\/boletim-apiceon-06-2019\/\" target=\"_blank\" rel=\"noopener noreferrer\"><strong> Movimento Coletivo para Qualifica\u00e7\u00e3o da Aten\u00e7\u00e3o, Gest\u00e3o e Ensino em Obstetr\u00edcia e Neonatologia<br \/><\/strong><\/a><\/span><\/p>\r\n<hr width=\"50%\" \/>\r\n<p>&nbsp;<\/p>\r\n<\/div>\r\n<\/td>\r\n<\/tr>\r\n<tr>\r\n<td style=\"width: 100%;\">\u00a0\r\n<p>&nbsp;<\/p>\r\n<p>&nbsp;<\/p>\r\n<div style=\"text-align: center;\" align=\"left\">\r\n<div style=\"border: 2px solid #999999; width: 233px; margin-left: auto; margin-right: auto;\"><a style=\"color: #000000;\" href=\"http:\/\/portaldeboaspraticas.iff.fiocruz.br\/apice\/boletim-apiceon-05-2019\/\" target=\"_blank\" rel=\"noopener noreferrer\"><img loading=\"lazy\" decoding=\"async\" class=\"aligncenter wp-image-2955 size-medium\" src=\"http:\/\/portaldeboaspraticas.iff.fiocruz.br\/apice\/wp-content\/uploads\/2019\/08\/boletim05-184x300.png\" alt=\"\" width=\"184\" height=\"300\" srcset=\"https:\/\/portaldeboaspraticas.iff.fiocruz.br\/apice\/wp-content\/uploads\/2019\/08\/boletim05-184x300.png 184w, https:\/\/portaldeboaspraticas.iff.fiocruz.br\/apice\/wp-content\/uploads\/2019\/08\/boletim05.png 303w\" sizes=\"auto, (max-width: 184px) 100vw, 184px\" \/><\/a><\/div>\r\n<p>&nbsp;<\/p>\r\n<p><span style=\"color: #000000;\"><a style=\"color: #000000;\" href=\"http:\/\/portaldeboaspraticas.iff.fiocruz.br\/apice\/boletim-apiceon-05-2019\/\" target=\"_blank\" rel=\"noopener noreferrer\"><strong><span style=\"font-size: 20px;\">Boletim 05<\/span><\/strong><\/a><\/span><\/p>\r\n<p><span style=\"color: #000000;\"><a style=\"color: #000000;\" href=\"http:\/\/portaldeboaspraticas.iff.fiocruz.br\/apice\/boletim-apiceon-05-2019\/\" target=\"_blank\" rel=\"noopener noreferrer\"><strong>Amamenta\u00e7\u00e3o na primeira hora de vida<\/strong><\/a><\/span><\/p>\r\n<hr width=\"50%\" \/>\r\n<p>&nbsp;<\/p>\r\n<\/div>\r\n<\/td>\r\n<\/tr>\r\n<tr>\r\n<td style=\"width: 100%;\">\u00a0\r\n<p>&nbsp;<\/p>\r\n<p>&nbsp;<\/p>\r\n<div style=\"text-align: center;\" align=\"left\">\r\n<div style=\"border: 2px solid #999999; width: 233px; margin-left: auto; margin-right: auto;\"><a style=\"color: #000000;\" href=\"http:\/\/portaldeboaspraticas.iff.fiocruz.br\/apice\/boletim-apiceon-04-2019\/\" target=\"_blank\" rel=\"noopener noreferrer\"><img loading=\"lazy\" decoding=\"async\" class=\"aligncenter size-medium wp-image-2907\" src=\"http:\/\/portaldeboaspraticas.iff.fiocruz.br\/apice\/wp-content\/uploads\/2019\/08\/boletim04-233x300.jpg\" alt=\"\" width=\"233\" height=\"300\" srcset=\"https:\/\/portaldeboaspraticas.iff.fiocruz.br\/apice\/wp-content\/uploads\/2019\/08\/boletim04-233x300.jpg 233w, https:\/\/portaldeboaspraticas.iff.fiocruz.br\/apice\/wp-content\/uploads\/2019\/08\/boletim04.jpg 455w\" sizes=\"auto, (max-width: 233px) 100vw, 233px\" \/><\/a><\/div>\r\n<p>&nbsp;<\/p>\r\n<p><span style=\"color: #000000;\"><a style=\"color: #000000;\" href=\"http:\/\/portaldeboaspraticas.iff.fiocruz.br\/apice\/boletim-apiceon-04-2019\/\" target=\"_blank\" rel=\"noopener noreferrer\"><strong><span style=\"font-size: 20px;\">Boletim 04<\/span><\/strong><\/a><\/span><\/p>\r\n<p><span style=\"color: #000000;\"><a style=\"color: #000000;\" href=\"http:\/\/portaldeboaspraticas.iff.fiocruz.br\/apice\/boletim-apiceon-04-2019\/\" target=\"_blank\" rel=\"noopener noreferrer\"><strong>Difus\u00e3o de saberes e pr\u00e1ticas em Obstetr\u00edcia e Neonatologia<\/strong><\/a><\/span><\/p>\r\n<hr width=\"50%\" \/>\r\n<p>&nbsp;<\/p>\r\n<\/div>\r\n<\/td>\r\n<\/tr>\r\n<tr>\r\n<td style=\"width: 100%;\">\r\n<div style=\"text-align: center;\" align=\"left\">\r\n<div style=\"border: 2px solid #999999; width: 233px; margin-left: auto; margin-right: auto;\"><a style=\"color: #000000;\" href=\"http:\/\/portaldeboaspraticas.iff.fiocruz.br\/apice\/boletim-apiceon-03-2019\/\" target=\"_blank\" rel=\"noopener noreferrer\"><img loading=\"lazy\" decoding=\"async\" class=\"aligncenter wp-image-2876 size-medium\" src=\"http:\/\/portaldeboaspraticas.iff.fiocruz.br\/apice\/wp-content\/uploads\/2019\/08\/boletim01-1-269x300.jpg\" alt=\"\" width=\"269\" height=\"300\" srcset=\"https:\/\/portaldeboaspraticas.iff.fiocruz.br\/apice\/wp-content\/uploads\/2019\/08\/boletim01-1-269x300.jpg 269w, https:\/\/portaldeboaspraticas.iff.fiocruz.br\/apice\/wp-content\/uploads\/2019\/08\/boletim01-1.jpg 523w\" sizes=\"auto, (max-width: 269px) 100vw, 269px\" \/><\/a><\/div>\r\n<p>&nbsp;<\/p>\r\n<p><span style=\"color: #000000;\"><a style=\"color: #000000;\" href=\"http:\/\/portaldeboaspraticas.iff.fiocruz.br\/apice\/boletim-apiceon-03-2019\/\" target=\"_blank\" rel=\"noopener noreferrer\"><strong><span style=\"font-size: 20px;\">Boletim 03<\/span><\/strong><\/a><\/span><\/p>\r\n<p><span style=\"color: #000000;\"><strong><a style=\"color: #000000;\" href=\"http:\/\/portaldeboaspraticas.iff.fiocruz.br\/apice\/boletim-apiceon-03-2019\/\" target=\"_blank\" rel=\"noopener noreferrer\">Pr\u00e1ticas de Aten\u00e7\u00e3o ao Parto e ao Nascimento baseadas em Evid\u00eancias Cient\u00edficas<\/a><\/strong><\/span><\/p>\r\n<hr width=\"50%\" \/>\r\n<p>&nbsp;<\/p>\r\n<\/div>\r\n<\/td>\r\n<\/tr>\r\n<tr>\r\n<td style=\"width: 100%;\">\r\n<div style=\"text-align: center;\" align=\"left\">\u00a0<\/div>\r\n<div style=\"text-align: center;\" align=\"left\">\r\n<div style=\"border: 2px solid #999999; width: 233px; margin-left: auto; margin-right: auto;\"><a style=\"color: #000000;\" href=\"http:\/\/portaldeboaspraticas.iff.fiocruz.br\/apice\/boletim-apiceon-n-o-02-2019\/\" target=\"_blank\" rel=\"noopener noreferrer\"><img loading=\"lazy\" decoding=\"async\" class=\"aligncenter wp-image-2878 size-medium\" src=\"http:\/\/portaldeboaspraticas.iff.fiocruz.br\/apice\/wp-content\/uploads\/2019\/08\/boletim02-264x300.jpg\" alt=\"\" width=\"264\" height=\"300\" srcset=\"https:\/\/portaldeboaspraticas.iff.fiocruz.br\/apice\/wp-content\/uploads\/2019\/08\/boletim02-264x300.jpg 264w, https:\/\/portaldeboaspraticas.iff.fiocruz.br\/apice\/wp-content\/uploads\/2019\/08\/boletim02.jpg 515w\" sizes=\"auto, (max-width: 264px) 100vw, 264px\" \/><\/a><\/div>\r\n<p>&nbsp;<\/p>\r\n<p><span style=\"color: #000000;\"><a style=\"color: #000000;\" href=\"http:\/\/portaldeboaspraticas.iff.fiocruz.br\/apice\/boletim-apiceon-n-o-02-2019\/\" target=\"_blank\" rel=\"noopener noreferrer\"><strong><span style=\"font-size: 20px;\">Boletim 02<\/span><\/strong><\/a><\/span><\/p>\r\n<p><span style=\"color: #000000;\"><a style=\"color: #000000;\" href=\"http:\/\/portaldeboaspraticas.iff.fiocruz.br\/apice\/boletim-apiceon-n-o-02-2019\/\" target=\"_blank\" rel=\"noopener noreferrer\"><strong>Escolhas para Inovarmos na Produ\u00e7\u00e3o do Cuidado, das Pr\u00e1ticas e do Conhecimento<\/strong><\/a><\/span><\/p>\r\n<hr width=\"50%\" \/><\/div>\r\n<\/td>\r\n<\/tr>\r\n<tr>\r\n<td style=\"text-align: center; width: 100%;\">\r\n<div style=\"text-align: center;\" align=\"left\">\r\n<div style=\"text-align: center;\" align=\"left\">\u00a0<\/div>\r\n<div style=\"text-align: center;\" align=\"left\">\r\n<div style=\"border: 2px solid #999999; width: 233px; margin-left: auto; margin-right: auto;\"><a style=\"color: #000000;\" href=\"http:\/\/portaldeboaspraticas.iff.fiocruz.br\/apice\/boletim-apiceon-n-o-01-2019\/\" target=\"_blank\" rel=\"noopener noreferrer\"><img loading=\"lazy\" decoding=\"async\" class=\"aligncenter wp-image-2877 size-medium\" src=\"http:\/\/portaldeboaspraticas.iff.fiocruz.br\/apice\/wp-content\/uploads\/2019\/08\/boletim01-2-276x300.jpg\" alt=\"\" width=\"276\" height=\"300\" srcset=\"https:\/\/portaldeboaspraticas.iff.fiocruz.br\/apice\/wp-content\/uploads\/2019\/08\/boletim01-2-276x300.jpg 276w, https:\/\/portaldeboaspraticas.iff.fiocruz.br\/apice\/wp-content\/uploads\/2019\/08\/boletim01-2.jpg 539w\" sizes=\"auto, (max-width: 276px) 100vw, 276px\" \/><\/a><\/div>\r\n<p>&nbsp;<\/p>\r\n<\/div>\r\n<p style=\"text-align: center;\"><span style=\"color: #000000;\"><a style=\"color: #000000;\" href=\"http:\/\/portaldeboaspraticas.iff.fiocruz.br\/apice\/boletim-apiceon-n-o-01-2019\/\" target=\"_blank\" rel=\"noopener noreferrer\"><strong><span style=\"font-size: 20px;\">Boletim 01<\/span><\/strong><\/a><\/span><\/p>\r\n<p style=\"text-align: center;\"><span style=\"color: #000000;\"><strong style=\"color: #000000;\"><a style=\"color: #000000;\" href=\"http:\/\/portaldeboaspraticas.iff.fiocruz.br\/apice\/boletim-apiceon-n-o-01-2019\/\" target=\"_blank\" rel=\"noopener noreferrer\">N\u00facleos de Saberes e Pr\u00e1ticas: Sa\u00fade da Mulher e do Rec\u00e9m-nascido em Hospitais de\u00a0<\/a><\/strong><\/span><span style=\"color: #000000;\"><b><u>Ensino<\/u><\/b><\/span><\/p>\r\n<p style=\"text-align: center;\">\u00a0<\/p>\r\n<\/div>\r\n<\/td>\r\n<\/tr>\r\n<tr>\r\n<td style=\"width: 100%;\">\u00a0<\/td>\r\n<\/tr>\r\n<\/tbody>\r\n<\/table>\r\n<table width=\"50%\" align=\"center\">\r\n<tbody>\r\n<tr>\r\n<td>\u00a0<\/td>\r\n<\/tr>\r\n<\/tbody>\r\n<\/table>\r\n<p>&nbsp;<\/p>\r\n<p>&nbsp;<\/p>\r\n<p>&nbsp;<\/p>\r\n\r\n\r\n<\/div>\r\n<\/td>\r\n<\/tr>\r\n<\/tbody>\r\n<\/table>\r\n<\/div>\r\n<\/td>\r\n<\/tr>\r\n<\/tbody>\r\n<\/table>\r\n<\/div>\r\n<\/td>\r\n<\/tr>\r\n<\/tbody>\r\n<\/table>\r\n<\/div>\r\n<\/td>\r\n<\/tr>\r\n<\/tbody>\r\n<\/table>","protected":false},"excerpt":{"rendered":"<p>O Boletim ApiceON \u00e9 uma publica\u00e7\u00e3o informativa em formato eletr\u00f4nico, de distribui\u00e7\u00e3o mensal preparada especialmente para os servi\u00e7os que aderiram ao projeto. \u00c9 uma ferramenta para dissemina\u00e7\u00e3o de boas pr\u00e1ticas, com base em evid\u00eancias cient\u00edficas, de temas caros ao Projeto, divulgando artigos cient\u00edficos e infogr\u00e1ficos que auxiliem o aprimoramento do servi\u00e7os hospitalares nas \u00e1reas de [&hellip;]<\/p>\n","protected":false},"author":2,"featured_media":692,"parent":0,"menu_order":0,"comment_status":"closed","ping_status":"closed","template":"","meta":{"footnotes":""},"class_list":["post-2865","page","type-page","status-publish","has-post-thumbnail","hentry"],"_links":{"self":[{"href":"https:\/\/portaldeboaspraticas.iff.fiocruz.br\/apice\/wp-json\/wp\/v2\/pages\/2865","targetHints":{"allow":["GET"]}}],"collection":[{"href":"https:\/\/portaldeboaspraticas.iff.fiocruz.br\/apice\/wp-json\/wp\/v2\/pages"}],"about":[{"href":"https:\/\/portaldeboaspraticas.iff.fiocruz.br\/apice\/wp-json\/wp\/v2\/types\/page"}],"author":[{"embeddable":true,"href":"https:\/\/portaldeboaspraticas.iff.fiocruz.br\/apice\/wp-json\/wp\/v2\/users\/2"}],"replies":[{"embeddable":true,"href":"https:\/\/portaldeboaspraticas.iff.fiocruz.br\/apice\/wp-json\/wp\/v2\/comments?post=2865"}],"version-history":[{"count":71,"href":"https:\/\/portaldeboaspraticas.iff.fiocruz.br\/apice\/wp-json\/wp\/v2\/pages\/2865\/revisions"}],"predecessor-version":[{"id":3974,"href":"https:\/\/portaldeboaspraticas.iff.fiocruz.br\/apice\/wp-json\/wp\/v2\/pages\/2865\/revisions\/3974"}],"wp:featuredmedia":[{"embeddable":true,"href":"https:\/\/portaldeboaspraticas.iff.fiocruz.br\/apice\/wp-json\/wp\/v2\/media\/692"}],"wp:attachment":[{"href":"https:\/\/portaldeboaspraticas.iff.fiocruz.br\/apice\/wp-json\/wp\/v2\/media?parent=2865"}],"curies":[{"name":"wp","href":"https:\/\/api.w.org\/{rel}","templated":true}]}}