{"id":810,"date":"2018-09-17T16:37:53","date_gmt":"2018-09-17T19:37:53","guid":{"rendered":"http:\/\/portaldeboaspraticas.iff.fiocruz.br\/apice\/?page_id=810"},"modified":"2019-12-02T18:59:58","modified_gmt":"2019-12-02T20:59:58","slug":"aprimorandas","status":"publish","type":"page","link":"https:\/\/portaldeboaspraticas.iff.fiocruz.br\/apice\/o-projeto\/aprimorandas\/","title":{"rendered":"Cursos de Aprimoramento em Enfermagem Obst\u00e9trica"},"content":{"rendered":"\n<p style=\"text-align: justify;\"><div class=\"row \"><br \/><div class=\"col-lg-6 col-md-6 col-xs-12 col-sm-12\"><\/p>\n<p style=\"text-align: justify;\">Com o objetivo de ampliar a rede de sujeitos com maior capacidade de intervir nos modos de gerir e de cuidar em sa\u00fade \u2013 a partir de processos de forma\u00e7\u00e3o-interven\u00e7\u00e3o \u2013 o <a href=\"http:\/\/portalms.saude.gov.br\/\" target=\"_blank\" rel=\"noopener noreferrer\">Minist\u00e9rio da Sa\u00fade<\/a> (MS), em parceria com a Escola de Enfermagem da Universidade Federal de Minas Gerais (<a href=\"http:\/\/www.enf.ufmg.br\/\" target=\"_blank\" rel=\"noopener noreferrer\">EEUFMG<\/a>) estruturam e disponibilizam o Curso de Aprimoramento para Enfermeiras Obst\u00e9tricas (CAEO) no componente parto e nascimento para os hospitais do Projeto ApiceON. A proposta \u00e9 articular produ\u00e7\u00e3o de conhecimento, interfer\u00eancia nas pr\u00e1ticas de aten\u00e7\u00e3o e gest\u00e3o, produ\u00e7\u00e3o de sa\u00fade e produ\u00e7\u00e3o de sujeitos de modo indissoci\u00e1vel.<\/p>\n<p style=\"text-align: justify;\">O Aprimoramento vem como uma estrat\u00e9gia para implanta\u00e7\u00e3o e dissemina\u00e7\u00e3o do modelo preconizado pela Organiza\u00e7\u00e3o Mundial da Sa\u00fade (OMS) de assist\u00eancia ao parto e nascimento, que se aproxima do menor controle e maior cuidado no parto, em contraposi\u00e7\u00e3o ao uso desnecess\u00e1rio de interven\u00e7\u00f5es m\u00e9dicas e procedimentos invasivos.<\/p>\n<p><\/div><div class=\"col-lg-6 col-md-6 col-xs-12 col-sm-12\"><img loading=\"lazy\" decoding=\"async\" class=\"aligncenter wp-image-587 size-medium\" src=\"http:\/\/portaldeboaspraticas.iff.fiocruz.br\/apice\/wp-content\/uploads\/2018\/07\/IMG_3420-300x183.jpg\" alt=\"\" width=\"300\" height=\"183\" srcset=\"https:\/\/portaldeboaspraticas.iff.fiocruz.br\/apice\/wp-content\/uploads\/2018\/07\/IMG_3420-300x183.jpg 300w, https:\/\/portaldeboaspraticas.iff.fiocruz.br\/apice\/wp-content\/uploads\/2018\/07\/IMG_3420-768x467.jpg 768w, https:\/\/portaldeboaspraticas.iff.fiocruz.br\/apice\/wp-content\/uploads\/2018\/07\/IMG_3420-1024x623.jpg 1024w\" sizes=\"auto, (max-width: 300px) 100vw, 300px\" \/><br \/><\/div><\/div><\/p>\n<p style=\"text-align: justify;\">Aliada \u00e0 legitima\u00e7\u00e3o ocidental do nascimento enquanto procedimento m\u00e9dico, a situa\u00e7\u00e3o brasileira traz estat\u00edsticas que ajudam a ilustrar a quest\u00e3o. No pa\u00eds, 98% dos partos s\u00e3o realizados em hospitais, dentre estes uma elevada quantidade apresenta procedimentos um tanto em desacordo com a situa\u00e7\u00e3o de mulheres com gravidez de baixo risco e neonatos saud\u00e1veis, como episiotomia (53,5%), litotomia (91,7%), inviabiliza\u00e7\u00e3o do contato pele a pele (16,1% apenas o fazem) ou a baixa inclus\u00e3o do acompanhante no parto (apenas 18,8%), segundo a Pesquisa Nascer no Brasil, publicada em 2014. Mesmo em hospitais de ensino, onde \u00e9 poss\u00edvel encontrar n\u00fameros que indicam melhora na situa\u00e7\u00e3o do atendimento, os \u00edndices ainda est\u00e3o longe de indicar a consolida\u00e7\u00e3o das boas pr\u00e1ticas de aten\u00e7\u00e3o ao parto e nascimento nestes servi\u00e7os.<\/p>\n<div class=\"row \"><br \/><div class=\"col-lg-6 col-md-6 col-xs-12 col-sm-12\"><\/p>\n<p style=\"text-align: justify;\">Nesse contexto, emerge a proposta do Aprimoramento, que vem com o objetivo de trabalhar na qualifica\u00e7\u00e3o de enfermeiras obst\u00e9tricas nos processos de cuidado e gest\u00e3o com foco na aten\u00e7\u00e3o ao parto e nascimento. A estrutura do curso permite a atualiza\u00e7\u00e3o de conhecimentos t\u00e9cnico-cient\u00edficos, habilidades e atitudes da enfermeira obst\u00e9tricas para assist\u00eancia ao parto e nascimento nos hospitais, maternidades e centros de partos normal aderidos ao projeto ApiceON. O curso \u00e9 um dispositivo para impulsionar mudan\u00e7as no modelo de assist\u00eancia ao parto e nascimento no pa\u00eds, visando formar profissionais comprometidos com experi\u00eancias coletivas criadoras de novos saberes, devolvendo o parto para as mulheres e suas fam\u00edlias e transformando o modelo atual de assist\u00eancia em um cuidado que respeita a autonomia e o protagonismo das mulheres e acredita no seu potencial fisiol\u00f3gico de parir.<\/p>\n<p><\/div><div class=\"col-lg-6 col-md-6 col-xs-12 col-sm-12\"><img loading=\"lazy\" decoding=\"async\" class=\"aligncenter wp-image-1374 size-medium\" src=\"http:\/\/portaldeboaspraticas.iff.fiocruz.br\/apice\/wp-content\/uploads\/2019\/03\/uniao_CAEO-e1552334444207-300x225.png\" alt=\"\" width=\"300\" height=\"225\" \/><br \/><\/div><\/div>\n<p>\u00a0<\/p>\n<p style=\"text-align: justify;\">Para o desenvolvimento do ApiceON durante o curso, busca-se a cria\u00e7\u00e3o de um n\u00facleo de forma\u00e7\u00e3o e capacita\u00e7\u00e3o em enfermagem obst\u00e9trica, coordenado pelo Minist\u00e9rio da Sa\u00fade. Este n\u00facleo \u00e9 composto por representantes da Coordena\u00e7\u00e3o-Geral de Sa\u00fade das Mulheres e Coordena\u00e7\u00e3o Geral de Sa\u00fade da Crian\u00e7a e Aleitamento Materno (CGSCAM), do Minist\u00e9rio da Sa\u00fade; das tr\u00eas institui\u00e7\u00f5es de ensino executoras do projeto (EEUFMG, EEAN\/UFRJ, EEAAC\/EFF) e do Projeto.<\/p>\n<p><img loading=\"lazy\" decoding=\"async\" class=\"aligncenter wp-image-1373 size-medium\" src=\"http:\/\/portaldeboaspraticas.iff.fiocruz.br\/apice\/wp-content\/uploads\/2019\/03\/logo-CAEO-300x162.png\" alt=\"\" width=\"300\" height=\"162\" srcset=\"https:\/\/portaldeboaspraticas.iff.fiocruz.br\/apice\/wp-content\/uploads\/2019\/03\/logo-CAEO-300x162.png 300w, https:\/\/portaldeboaspraticas.iff.fiocruz.br\/apice\/wp-content\/uploads\/2019\/03\/logo-CAEO-768x415.png 768w, https:\/\/portaldeboaspraticas.iff.fiocruz.br\/apice\/wp-content\/uploads\/2019\/03\/logo-CAEO-1024x554.png 1024w, https:\/\/portaldeboaspraticas.iff.fiocruz.br\/apice\/wp-content\/uploads\/2019\/03\/logo-CAEO.png 1030w\" sizes=\"auto, (max-width: 300px) 100vw, 300px\" \/><\/p>\n<p style=\"text-align: justify;\">Com carga hor\u00e1ria de 132 horas\/aula em 14 dias, divididas entre atividades pr\u00e1ticas e te\u00f3rico-pr\u00e1ticas, o curso \u00e9 direcionado para enfermeiras obst\u00e9tricas que atuam nos hospitais parceiros do ApiceON. S\u00e3o previstas atividades de introdu\u00e7\u00e3o a instrumentos de diagn\u00f3stico e planejamento e POA com visitas a hospitais como campo de pr\u00e1tica, oficinas e rodas de conversa e atividades de avalia\u00e7\u00e3o.<\/p>\n<p style=\"text-align: justify;\">Essa \u00e9 uma iniciativa que vem sendo desenvolvida desde o in\u00edcio do projeto e j\u00e1 est\u00e1 em sua 10\u00aa turma.<\/p>\n<p>\u00a0<\/p>\n<h3>CURSO DE APRIMORAMENTO INTERPROFISSIONAL EM OBSTETR\u00cdCIA<\/h3>\n<p style=\"text-align: justify;\">O Curso de Aprimoramento Interprofissional em Obstetr\u00edcia (CAIO) com enfoque no Parto e Nascimento, CAIO\/APICEON\/Minist\u00e9rio da Sa\u00fade \u00e9 um projeto piloto que tem financiamento a partir do Projeto MS\/UFF\/PROPLAN\/FEC, celebrado entre o Fundo Nacional de Sa\u00fade\/Secretaria Executiva\/Minist\u00e9rio da Sa\u00fade.<\/p>\n<p style=\"text-align: justify;\">O CAIO enfatiza a\u00e7\u00f5es que dialogam com os princ\u00edpios da Humaniza\u00e7\u00e3o da Assist\u00eancia, cujo foco est\u00e1 direcionado \u00e0 forma\u00e7\u00e3o de profissionais engajados com as estrat\u00e9gias de apoio institucional e interven\u00e7\u00e3o no campo do parto e nascimento. Esta proposta tem sido operacionalizada com inten\u00e7\u00e3o de atingir institui\u00e7\u00f5es parceiras em todo territ\u00f3rio nacional, como estrat\u00e9gia imprescind\u00edvel para reorientar o modelo de assist\u00eancia \u00e0 mulher e rec\u00e9m-nascido a partir de um trabalho interprofissional.<\/p>\n<p style=\"text-align: justify;\">O Aprimoramento Interprofissional em Obstetr\u00edcia ir\u00e1 contribuir para fomentar mudan\u00e7as no modelo de assist\u00eancia ao parto e nascimento, com objetivo de fortalecimento de atividades interprofissionais na sa\u00fade com vistas ao controle da mortalidade materna e neonatal, al\u00e9m de provocar a seguran\u00e7a e cuidado de qualidade \u00e0 mulher e fam\u00edlia. Nesta vers\u00e3o, o foco do CAIO\/MS\/UFF encontra-se direcionado aos Hospitais de Ensino, tendo em vista que existe a necessidade de fortalecer iniciativas interessadas na mudan\u00e7a do modelo de forma\u00e7\u00e3o e de ensino comprometidos com a inser\u00e7\u00e3o de enfermeiras obst\u00e9tricas na assist\u00eancia ao parto e nascimento, com foco no trabalho interprofissional.<\/p>\n<p style=\"text-align: justify;\">A partir da influ\u00eancia epistemol\u00f3gica de \u201cforma\u00e7\u00e3o-interven\u00e7\u00e3o-avalia\u00e7\u00e3o\u201d, o desenvolvimento deste curso, oportunizar\u00e1 re-avalia\u00e7\u00f5es em servi\u00e7o, nas institui\u00e7\u00f5es que ir\u00e3o receber as(os) enfermeiras(os) obst\u00e9tricas(os), os(as) m\u00e9dicos(as) obstetras e m\u00e9dicos(as) pediatras dos hospitais de ensino. Torna-se deste modo, pertinente e vi\u00e1vel a operacionaliza\u00e7\u00e3o respons\u00e1vel e engajada das institui\u00e7\u00f5es parceiras no que tange \u00e0 concretiza\u00e7\u00e3o das iniciativas referentes ao processo de trabalho no \u00e2mbito do parto e nascimento.<\/p>\n<p style=\"text-align: justify;\">O Curso de Aprimoramento Interprofissional em Obstetr\u00edcia iniciou em agosto de 2019 e j\u00e1 est\u00e1 na sua 4\u00b0 turma.<\/p>\n<p style=\"text-align: justify;\">\u00a0<\/p>\n<p>\u00a0<\/p>\n<p style=\"text-align: left;\"><strong>Conte\u00fado Relacionado:<\/strong><br \/><a href=\"https:\/\/goo.gl\/xTMwWt\" target=\"_blank\" rel=\"noopener noreferrer\">Not\u00edcias Aprimoramento<\/a><\/p>\n<p style=\"text-align: left;\"><a href=\"http:\/\/portaldeboaspraticas.iff.fiocruz.br\/apice\/publicacoes\/\" target=\"_blank\" rel=\"noopener noreferrer\">Caderno do Curso Aprimoramento em Enfermagem Obst\u00e9trica\u00a0<\/a><\/p>\n<p>\u00a0<\/p>\n<p style=\"text-align: left;\">Fa\u00e7a download desse conte\u00fado <a href=\"http:\/\/portaldeboaspraticas.iff.fiocruz.br\/apice\/wp-content\/uploads\/2019\/12\/Curso-Aprimoramento-em-Enfermagem-Obst\u00e9trica_nov19.pdf\" target=\"_blank\" rel=\"noopener noreferrer\">aqui<\/a>.<\/p>\n","protected":false},"excerpt":{"rendered":"<p>Aliada \u00e0 legitima\u00e7\u00e3o ocidental do nascimento enquanto procedimento m\u00e9dico, a situa\u00e7\u00e3o brasileira traz estat\u00edsticas que ajudam a ilustrar a quest\u00e3o. No pa\u00eds, 98% dos partos s\u00e3o realizados em hospitais, dentre estes uma elevada quantidade apresenta procedimentos um tanto em desacordo com a situa\u00e7\u00e3o de mulheres com gravidez de baixo risco e neonatos saud\u00e1veis, como episiotomia [&hellip;]<\/p>\n","protected":false},"author":2,"featured_media":0,"parent":9,"menu_order":0,"comment_status":"closed","ping_status":"closed","template":"","meta":{"footnotes":""},"class_list":["post-810","page","type-page","status-publish","hentry"],"_links":{"self":[{"href":"https:\/\/portaldeboaspraticas.iff.fiocruz.br\/apice\/wp-json\/wp\/v2\/pages\/810","targetHints":{"allow":["GET"]}}],"collection":[{"href":"https:\/\/portaldeboaspraticas.iff.fiocruz.br\/apice\/wp-json\/wp\/v2\/pages"}],"about":[{"href":"https:\/\/portaldeboaspraticas.iff.fiocruz.br\/apice\/wp-json\/wp\/v2\/types\/page"}],"author":[{"embeddable":true,"href":"https:\/\/portaldeboaspraticas.iff.fiocruz.br\/apice\/wp-json\/wp\/v2\/users\/2"}],"replies":[{"embeddable":true,"href":"https:\/\/portaldeboaspraticas.iff.fiocruz.br\/apice\/wp-json\/wp\/v2\/comments?post=810"}],"version-history":[{"count":14,"href":"https:\/\/portaldeboaspraticas.iff.fiocruz.br\/apice\/wp-json\/wp\/v2\/pages\/810\/revisions"}],"predecessor-version":[{"id":3526,"href":"https:\/\/portaldeboaspraticas.iff.fiocruz.br\/apice\/wp-json\/wp\/v2\/pages\/810\/revisions\/3526"}],"up":[{"embeddable":true,"href":"https:\/\/portaldeboaspraticas.iff.fiocruz.br\/apice\/wp-json\/wp\/v2\/pages\/9"}],"wp:attachment":[{"href":"https:\/\/portaldeboaspraticas.iff.fiocruz.br\/apice\/wp-json\/wp\/v2\/media?parent=810"}],"curies":[{"name":"wp","href":"https:\/\/api.w.org\/{rel}","templated":true}]}}